{"id":14216,"date":"2025-10-09T09:49:47","date_gmt":"2025-10-09T09:49:47","guid":{"rendered":"http:\/\/hexexist.com\/product\/basit-ozel-gonderi-siparisi\/"},"modified":"2025-10-09T09:49:47","modified_gmt":"2025-10-09T09:49:47","slug":"basit-ozel-gonderi-siparisi","status":"publish","type":"product","link":"https:\/\/hexexist.com\/tr\/urun\/basit-ozel-gonderi-siparisi\/","title":{"rendered":"Basit \u00d6zel G\u00f6nderi Sipari\u015fi"},"content":{"rendered":"<p>S\u00fcr\u00fckle ve B\u0131rak S\u0131ralanabilir JavaScript kullanarak g\u00f6nderileri (g\u00f6nderiler veya herhangi bir \u00f6zel g\u00f6nderi t\u00fcr\u00fc) s\u0131ralay\u0131n. Yap\u0131land\u0131rma gereksizdir. Do\u011frudan varsay\u0131lan WordPress y\u00f6netiminde yapabilirsiniz. get_posts veya query_posts ve benzerlerinde order veya orderby parametrelerini kullanan \u00f6zel sorgu hari\u00e7.<\/p>\n","protected":false},"excerpt":{"rendered":"<p>S\u00fcr\u00fckle ve B\u0131rak S\u0131ralanabilir JavaScript kullanarak g\u00f6nderileri (g\u00f6nderiler veya herhangi bir \u00f6zel g\u00f6nderi t\u00fcr\u00fc) s\u0131ralay\u0131n. Yap\u0131land\u0131rma gereksizdir. Do\u011frudan varsay\u0131lan WordPress y\u00f6netiminde yapabilirsiniz. get_posts veya query_posts ve benzerlerinde order veya orderby parametrelerini kullanan \u00f6zel sorgu hari\u00e7.<\/p>\n","protected":false},"featured_media":13018,"comment_status":"open","ping_status":"closed","template":"","meta":[],"product_brand":[],"product_cat":[1413],"product_tag":[2561,2630,2629,2631,2560],"class_list":{"0":"post-14216","1":"product","2":"type-product","3":"status-publish","4":"has-post-thumbnail","6":"product_cat-eklentiler","7":"product_tag-gonderi-sirasi","8":"product_tag-js-siparis-sonrasi","9":"product_tag-ozel-gonderi-siparisi","10":"product_tag-sayfa-duzeni","11":"product_tag-siparis-sonrasi","13":"first","14":"instock","15":"downloadable","16":"virtual","17":"product-type-simple"},"_links":{"self":[{"href":"https:\/\/hexexist.com\/tr\/wp-json\/wp\/v2\/product\/14216","targetHints":{"allow":["GET"]}}],"collection":[{"href":"https:\/\/hexexist.com\/tr\/wp-json\/wp\/v2\/product"}],"about":[{"href":"https:\/\/hexexist.com\/tr\/wp-json\/wp\/v2\/types\/product"}],"replies":[{"embeddable":true,"href":"https:\/\/hexexist.com\/tr\/wp-json\/wp\/v2\/comments?post=14216"}],"wp:featuredmedia":[{"embeddable":true,"href":"https:\/\/hexexist.com\/tr\/wp-json\/wp\/v2\/media\/13018"}],"wp:attachment":[{"href":"https:\/\/hexexist.com\/tr\/wp-json\/wp\/v2\/media?parent=14216"}],"wp:term":[{"taxonomy":"product_brand","embeddable":true,"href":"https:\/\/hexexist.com\/tr\/wp-json\/wp\/v2\/product_brand?post=14216"},{"taxonomy":"product_cat","embeddable":true,"href":"https:\/\/hexexist.com\/tr\/wp-json\/wp\/v2\/product_cat?post=14216"},{"taxonomy":"product_tag","embeddable":true,"href":"https:\/\/hexexist.com\/tr\/wp-json\/wp\/v2\/product_tag?post=14216"}],"curies":[{"name":"wp","href":"https:\/\/api.w.org\/{rel}","templated":true}]}}