{"id":14217,"date":"2025-10-09T09:49:48","date_gmt":"2025-10-09T09:49:48","guid":{"rendered":"http:\/\/hexexist.com\/product\/cyr-to-lat\/"},"modified":"2025-10-09T09:49:48","modified_gmt":"2025-10-09T09:49:48","slug":"cyr-to-lat","status":"publish","type":"product","link":"https:\/\/hexexist.com\/tr\/urun\/cyr-to-lat\/","title":{"rendered":"Cyr-To-Lat"},"content":{"rendered":"<p>Yaz\u0131, sayfa ve terim slug&#8217;lar\u0131ndaki Kiril karakterlerini Latin karakterlerine d\u00f6n\u00fc\u015ft\u00fcr\u00fcr. \u0130nsan taraf\u0131ndan okunabilir URL&#8217;ler olu\u015fturmak i\u00e7in kullan\u0131\u015fl\u0131d\u0131r. <\/p>\n","protected":false},"excerpt":{"rendered":"<p>Yaz\u0131, sayfa ve terim slug&#8217;lar\u0131ndaki Kiril karakterlerini Latin karakterlerine d\u00f6n\u00fc\u015ft\u00fcr\u00fcr. \u0130nsan taraf\u0131ndan okunabilir URL&#8217;ler olu\u015fturmak i\u00e7in kullan\u0131\u015fl\u0131d\u0131r.<\/p>\n","protected":false},"featured_media":13031,"comment_status":"open","ping_status":"closed","template":"","meta":[],"product_brand":[],"product_cat":[1413],"product_tag":[2277,2034,2632,2633],"class_list":{"0":"post-14217","1":"product","2":"type-product","3":"status-publish","4":"has-post-thumbnail","6":"product_cat-eklentiler","7":"product_tag-ceviri","8":"product_tag-cyrillic-tr","9":"product_tag-sumuklubocekler","10":"product_tag-transliterasyon","12":"first","13":"instock","14":"downloadable","15":"virtual","16":"product-type-simple"},"_links":{"self":[{"href":"https:\/\/hexexist.com\/tr\/wp-json\/wp\/v2\/product\/14217","targetHints":{"allow":["GET"]}}],"collection":[{"href":"https:\/\/hexexist.com\/tr\/wp-json\/wp\/v2\/product"}],"about":[{"href":"https:\/\/hexexist.com\/tr\/wp-json\/wp\/v2\/types\/product"}],"replies":[{"embeddable":true,"href":"https:\/\/hexexist.com\/tr\/wp-json\/wp\/v2\/comments?post=14217"}],"wp:featuredmedia":[{"embeddable":true,"href":"https:\/\/hexexist.com\/tr\/wp-json\/wp\/v2\/media\/13031"}],"wp:attachment":[{"href":"https:\/\/hexexist.com\/tr\/wp-json\/wp\/v2\/media?parent=14217"}],"wp:term":[{"taxonomy":"product_brand","embeddable":true,"href":"https:\/\/hexexist.com\/tr\/wp-json\/wp\/v2\/product_brand?post=14217"},{"taxonomy":"product_cat","embeddable":true,"href":"https:\/\/hexexist.com\/tr\/wp-json\/wp\/v2\/product_cat?post=14217"},{"taxonomy":"product_tag","embeddable":true,"href":"https:\/\/hexexist.com\/tr\/wp-json\/wp\/v2\/product_tag?post=14217"}],"curies":[{"name":"wp","href":"https:\/\/api.w.org\/{rel}","templated":true}]}}