{"id":14218,"date":"2025-10-09T09:49:30","date_gmt":"2025-10-09T09:49:30","guid":{"rendered":"http:\/\/hexexist.com\/product\/iletisim-formu-7-veritabani-eklentisi-cfdb7\/"},"modified":"2025-10-09T09:49:30","modified_gmt":"2025-10-09T09:49:30","slug":"iletisim-formu-7-veritabani-eklentisi-cfdb7","status":"publish","type":"product","link":"https:\/\/hexexist.com\/tr\/urun\/iletisim-formu-7-veritabani-eklentisi-cfdb7\/","title":{"rendered":"\u0130leti\u015fim Formu 7 Veritaban\u0131 Eklentisi CFDB7"},"content":{"rendered":"<p>CFDB7 eklentisi, ileti\u015fim formu 7 g\u00f6nderimlerini WordPress veritaban\u0131n\u0131za kaydeder. Verileri bir CSV dosyas\u0131na aktar\u0131n. Eklentiyi kurman\u0131z yeterlidir, otomatik olarak ileti\u015fim formu 7&#8217;den form g\u00f6nderimlerini yakalamaya ba\u015flayacakt\u0131r.<\/p>\n","protected":false},"excerpt":{"rendered":"<p>CFDB7 eklentisi, ileti\u015fim formu 7 g\u00f6nderimlerini WordPress veritaban\u0131n\u0131za kaydeder. Verileri bir CSV dosyas\u0131na aktar\u0131n. Eklentiyi kurman\u0131z yeterlidir, otomatik olarak ileti\u015fim formu 7&#8217;den form g\u00f6nderimlerini yakalamaya ba\u015flayacakt\u0131r.<\/p>\n","protected":false},"featured_media":12928,"comment_status":"open","ping_status":"closed","template":"","meta":[],"product_brand":[],"product_cat":[1413],"product_tag":[2634,2549,1543,2635,2636],"class_list":{"0":"post-14218","1":"product","2":"type-product","3":"status-publish","4":"has-post-thumbnail","6":"product_cat-eklentiler","7":"product_tag-cf7-tr","8":"product_tag-cf7-veritabani","9":"product_tag-iletisim-formu-7","10":"product_tag-iletisim-formu-7-db","11":"product_tag-wpcf7-tr","13":"first","14":"instock","15":"downloadable","16":"virtual","17":"product-type-simple"},"_links":{"self":[{"href":"https:\/\/hexexist.com\/tr\/wp-json\/wp\/v2\/product\/14218","targetHints":{"allow":["GET"]}}],"collection":[{"href":"https:\/\/hexexist.com\/tr\/wp-json\/wp\/v2\/product"}],"about":[{"href":"https:\/\/hexexist.com\/tr\/wp-json\/wp\/v2\/types\/product"}],"replies":[{"embeddable":true,"href":"https:\/\/hexexist.com\/tr\/wp-json\/wp\/v2\/comments?post=14218"}],"wp:featuredmedia":[{"embeddable":true,"href":"https:\/\/hexexist.com\/tr\/wp-json\/wp\/v2\/media\/12928"}],"wp:attachment":[{"href":"https:\/\/hexexist.com\/tr\/wp-json\/wp\/v2\/media?parent=14218"}],"wp:term":[{"taxonomy":"product_brand","embeddable":true,"href":"https:\/\/hexexist.com\/tr\/wp-json\/wp\/v2\/product_brand?post=14218"},{"taxonomy":"product_cat","embeddable":true,"href":"https:\/\/hexexist.com\/tr\/wp-json\/wp\/v2\/product_cat?post=14218"},{"taxonomy":"product_tag","embeddable":true,"href":"https:\/\/hexexist.com\/tr\/wp-json\/wp\/v2\/product_tag?post=14218"}],"curies":[{"name":"wp","href":"https:\/\/api.w.org\/{rel}","templated":true}]}}