{"id":14219,"date":"2025-10-09T09:49:31","date_gmt":"2025-10-09T09:49:31","guid":{"rendered":"http:\/\/hexexist.com\/product\/fluent-forms-ozellestirilebilir-iletisim-formlari-anket-test-ve-konusma-formu-olusturucu\/"},"modified":"2025-10-09T09:49:31","modified_gmt":"2025-10-09T09:49:31","slug":"fluent-forms-ozellestirilebilir-iletisim-formlari-anket-test-ve-konusma-formu-olusturucu","status":"publish","type":"product","link":"https:\/\/hexexist.com\/tr\/urun\/fluent-forms-ozellestirilebilir-iletisim-formlari-anket-test-ve-konusma-formu-olusturucu\/","title":{"rendered":"Fluent Forms \u00d6zelle\u015ftirilebilir \u0130leti\u015fim Formlar\u0131, Anket, Test ve Konu\u015fma Formu Olu\u015fturucu"},"content":{"rendered":"<p>Fluent Forms, size t\u00fcm g\u00fc\u00e7l\u00fc \u00f6zellikleri sunan nihai kullan\u0131c\u0131 dostu, \u00f6zelle\u015ftirilebilir s\u00fcr\u00fckle ve b\u0131rak WP ileti\u015fim formu eklentisidir. Hem yeni ba\u015flayanlar hem de ileri d\u00fczey kullan\u0131c\u0131lar i\u00e7in m\u00fckemmel bir kodsuz form olu\u015fturucudur. <\/p>\n","protected":false},"excerpt":{"rendered":"<p>Fluent Forms, size t\u00fcm g\u00fc\u00e7l\u00fc \u00f6zellikleri sunan nihai kullan\u0131c\u0131 dostu, \u00f6zelle\u015ftirilebilir s\u00fcr\u00fckle ve b\u0131rak WP ileti\u015fim formu eklentisidir. Hem yeni ba\u015flayanlar hem de ileri d\u00fczey kullan\u0131c\u0131lar i\u00e7in m\u00fckemmel bir kodsuz form olu\u015fturucudur.<\/p>\n","protected":false},"featured_media":12933,"comment_status":"open","ping_status":"closed","template":"","meta":[],"product_brand":[],"product_cat":[1413],"product_tag":[1527,1528,1524,1843,2625],"class_list":{"0":"post-14219","1":"product","2":"type-product","3":"status-publish","4":"has-post-thumbnail","6":"product_cat-eklentiler","7":"product_tag-form-olusturucu","8":"product_tag-formlar","9":"product_tag-iletisim-formu","10":"product_tag-ozel-form","11":"product_tag-wp-formlari","13":"first","14":"instock","15":"downloadable","16":"virtual","17":"product-type-simple"},"_links":{"self":[{"href":"https:\/\/hexexist.com\/tr\/wp-json\/wp\/v2\/product\/14219","targetHints":{"allow":["GET"]}}],"collection":[{"href":"https:\/\/hexexist.com\/tr\/wp-json\/wp\/v2\/product"}],"about":[{"href":"https:\/\/hexexist.com\/tr\/wp-json\/wp\/v2\/types\/product"}],"replies":[{"embeddable":true,"href":"https:\/\/hexexist.com\/tr\/wp-json\/wp\/v2\/comments?post=14219"}],"wp:featuredmedia":[{"embeddable":true,"href":"https:\/\/hexexist.com\/tr\/wp-json\/wp\/v2\/media\/12933"}],"wp:attachment":[{"href":"https:\/\/hexexist.com\/tr\/wp-json\/wp\/v2\/media?parent=14219"}],"wp:term":[{"taxonomy":"product_brand","embeddable":true,"href":"https:\/\/hexexist.com\/tr\/wp-json\/wp\/v2\/product_brand?post=14219"},{"taxonomy":"product_cat","embeddable":true,"href":"https:\/\/hexexist.com\/tr\/wp-json\/wp\/v2\/product_cat?post=14219"},{"taxonomy":"product_tag","embeddable":true,"href":"https:\/\/hexexist.com\/tr\/wp-json\/wp\/v2\/product_tag?post=14219"}],"curies":[{"name":"wp","href":"https:\/\/api.w.org\/{rel}","templated":true}]}}