{"id":14220,"date":"2025-10-09T09:49:30","date_gmt":"2025-10-09T09:49:30","guid":{"rendered":"http:\/\/hexexist.com\/product\/kirik-baglanti-denetleyicisi\/"},"modified":"2025-10-09T09:49:30","modified_gmt":"2025-10-09T09:49:30","slug":"kirik-baglanti-denetleyicisi","status":"publish","type":"product","link":"https:\/\/hexexist.com\/tr\/urun\/kirik-baglanti-denetleyicisi\/","title":{"rendered":"K\u0131r\u0131k Ba\u011flant\u0131 Denetleyicisi"},"content":{"rendered":"<p>WordPress sitenizi k\u0131r\u0131k ba\u011flant\u0131lar ve eksik resimler i\u00e7in otomatik olarak izleyin, b\u00f6ylece bunlar\u0131 proaktif olarak d\u00fczeltebilir ve SEO&#8217;nuzu koruyabilirsiniz.<\/p>\n","protected":false},"excerpt":{"rendered":"<p>WordPress sitenizi k\u0131r\u0131k ba\u011flant\u0131lar ve eksik resimler i\u00e7in otomatik olarak izleyin, b\u00f6ylece bunlar\u0131 proaktif olarak d\u00fczeltebilir ve SEO&#8217;nuzu koruyabilirsiniz.<\/p>\n","protected":false},"featured_media":12927,"comment_status":"open","ping_status":"closed","template":"","meta":[],"product_brand":[],"product_cat":[1413],"product_tag":[1861,2310,2311,2491,2307],"class_list":{"0":"post-14220","1":"product","2":"type-product","3":"status-publish","4":"has-post-thumbnail","6":"product_cat-eklentiler","7":"product_tag-baglantilar","8":"product_tag-harici-baglanti","9":"product_tag-ic-baglanti","10":"product_tag-kirik-goruntuler","11":"product_tag-kirik-linkler","13":"first","14":"instock","15":"downloadable","16":"virtual","17":"product-type-simple"},"_links":{"self":[{"href":"https:\/\/hexexist.com\/tr\/wp-json\/wp\/v2\/product\/14220","targetHints":{"allow":["GET"]}}],"collection":[{"href":"https:\/\/hexexist.com\/tr\/wp-json\/wp\/v2\/product"}],"about":[{"href":"https:\/\/hexexist.com\/tr\/wp-json\/wp\/v2\/types\/product"}],"replies":[{"embeddable":true,"href":"https:\/\/hexexist.com\/tr\/wp-json\/wp\/v2\/comments?post=14220"}],"wp:featuredmedia":[{"embeddable":true,"href":"https:\/\/hexexist.com\/tr\/wp-json\/wp\/v2\/media\/12927"}],"wp:attachment":[{"href":"https:\/\/hexexist.com\/tr\/wp-json\/wp\/v2\/media?parent=14220"}],"wp:term":[{"taxonomy":"product_brand","embeddable":true,"href":"https:\/\/hexexist.com\/tr\/wp-json\/wp\/v2\/product_brand?post=14220"},{"taxonomy":"product_cat","embeddable":true,"href":"https:\/\/hexexist.com\/tr\/wp-json\/wp\/v2\/product_cat?post=14220"},{"taxonomy":"product_tag","embeddable":true,"href":"https:\/\/hexexist.com\/tr\/wp-json\/wp\/v2\/product_tag?post=14220"}],"curies":[{"name":"wp","href":"https:\/\/api.w.org\/{rel}","templated":true}]}}