{"id":14222,"date":"2025-10-09T09:49:30","date_gmt":"2025-10-09T09:49:30","guid":{"rendered":"http:\/\/hexexist.com\/product\/google-yorumlari-icin-widgetlar\/"},"modified":"2025-10-09T09:49:30","modified_gmt":"2025-10-09T09:49:30","slug":"google-yorumlari-icin-widgetlar","status":"publish","type":"product","link":"https:\/\/hexexist.com\/tr\/urun\/google-yorumlari-icin-widgetlar\/","title":{"rendered":"Google Yorumlar\u0131 i\u00e7in Widget&#8217;lar"},"content":{"rendered":"<p>Duyarl\u0131 widget&#8217;lar\u0131m\u0131zla Google \u0130ncelemelerinizi 2 dakika i\u00e7inde \u00fccretsiz olarak g\u00f6r\u00fcnt\u00fcleyin.<\/p>\n","protected":false},"excerpt":{"rendered":"<p>Duyarl\u0131 widget&#8217;lar\u0131m\u0131zla Google \u0130ncelemelerinizi 2 dakika i\u00e7inde \u00fccretsiz olarak g\u00f6r\u00fcnt\u00fcleyin.<\/p>\n","protected":false},"featured_media":12925,"comment_status":"open","ping_status":"closed","template":"","meta":[],"product_brand":[],"product_cat":[1413],"product_tag":[1502,1944,2154,1427,1946],"class_list":{"0":"post-14222","1":"product","2":"type-product","3":"status-publish","4":"has-post-thumbnail","6":"product_cat-eklentiler","7":"product_tag-google-tr","8":"product_tag-google-business-tr","9":"product_tag-google-yerler-incelemeleri","10":"product_tag-widget-tr","11":"product_tag-yorumlar-tr","13":"first","14":"instock","15":"downloadable","16":"virtual","17":"product-type-simple"},"_links":{"self":[{"href":"https:\/\/hexexist.com\/tr\/wp-json\/wp\/v2\/product\/14222","targetHints":{"allow":["GET"]}}],"collection":[{"href":"https:\/\/hexexist.com\/tr\/wp-json\/wp\/v2\/product"}],"about":[{"href":"https:\/\/hexexist.com\/tr\/wp-json\/wp\/v2\/types\/product"}],"replies":[{"embeddable":true,"href":"https:\/\/hexexist.com\/tr\/wp-json\/wp\/v2\/comments?post=14222"}],"wp:featuredmedia":[{"embeddable":true,"href":"https:\/\/hexexist.com\/tr\/wp-json\/wp\/v2\/media\/12925"}],"wp:attachment":[{"href":"https:\/\/hexexist.com\/tr\/wp-json\/wp\/v2\/media?parent=14222"}],"wp:term":[{"taxonomy":"product_brand","embeddable":true,"href":"https:\/\/hexexist.com\/tr\/wp-json\/wp\/v2\/product_brand?post=14222"},{"taxonomy":"product_cat","embeddable":true,"href":"https:\/\/hexexist.com\/tr\/wp-json\/wp\/v2\/product_cat?post=14222"},{"taxonomy":"product_tag","embeddable":true,"href":"https:\/\/hexexist.com\/tr\/wp-json\/wp\/v2\/product_tag?post=14222"}],"curies":[{"name":"wp","href":"https:\/\/api.w.org\/{rel}","templated":true}]}}