{"id":14223,"date":"2025-10-09T09:49:30","date_gmt":"2025-10-09T09:49:30","guid":{"rendered":"http:\/\/hexexist.com\/product\/woocommerce-tax-eski-adiyla-woocommerce-shipping-tax\/"},"modified":"2025-10-09T09:49:30","modified_gmt":"2025-10-09T09:49:30","slug":"woocommerce-tax-eski-adiyla-woocommerce-shipping-tax","status":"publish","type":"product","link":"https:\/\/hexexist.com\/tr\/urun\/woocommerce-tax-eski-adiyla-woocommerce-shipping-tax\/","title":{"rendered":"WooCommerce Tax (eski ad\u0131yla WooCommerce Shipping &amp; Tax)"},"content":{"rendered":"<p>Dikkat! Nakliye \u00f6zellikleri yeni bir \u00f6zel eklentiye ta\u015f\u0131nd\u0131. WooCommerce Shipping&#8217;i indirin. <\/p>\n","protected":false},"excerpt":{"rendered":"<p>Dikkat! Nakliye \u00f6zellikleri yeni bir \u00f6zel eklentiye ta\u015f\u0131nd\u0131. WooCommerce Shipping&#8217;i indirin.<\/p>\n","protected":false},"featured_media":12924,"comment_status":"open","ping_status":"closed","template":"","meta":[],"product_brand":[],"product_cat":[1413],"product_tag":[2638,2640,2637,2639,1459],"class_list":{"0":"post-14223","1":"product","2":"type-product","3":"status-publish","4":"has-post-thumbnail","6":"product_cat-eklentiler","7":"product_tag-gst-tr","8":"product_tag-kdv","9":"product_tag-odeme-tr","10":"product_tag-vergi","11":"product_tag-woocommerce-tr","13":"first","14":"instock","15":"downloadable","16":"virtual","17":"product-type-simple"},"_links":{"self":[{"href":"https:\/\/hexexist.com\/tr\/wp-json\/wp\/v2\/product\/14223","targetHints":{"allow":["GET"]}}],"collection":[{"href":"https:\/\/hexexist.com\/tr\/wp-json\/wp\/v2\/product"}],"about":[{"href":"https:\/\/hexexist.com\/tr\/wp-json\/wp\/v2\/types\/product"}],"replies":[{"embeddable":true,"href":"https:\/\/hexexist.com\/tr\/wp-json\/wp\/v2\/comments?post=14223"}],"wp:featuredmedia":[{"embeddable":true,"href":"https:\/\/hexexist.com\/tr\/wp-json\/wp\/v2\/media\/12924"}],"wp:attachment":[{"href":"https:\/\/hexexist.com\/tr\/wp-json\/wp\/v2\/media?parent=14223"}],"wp:term":[{"taxonomy":"product_brand","embeddable":true,"href":"https:\/\/hexexist.com\/tr\/wp-json\/wp\/v2\/product_brand?post=14223"},{"taxonomy":"product_cat","embeddable":true,"href":"https:\/\/hexexist.com\/tr\/wp-json\/wp\/v2\/product_cat?post=14223"},{"taxonomy":"product_tag","embeddable":true,"href":"https:\/\/hexexist.com\/tr\/wp-json\/wp\/v2\/product_tag?post=14223"}],"curies":[{"name":"wp","href":"https:\/\/api.w.org\/{rel}","templated":true}]}}