{"id":14224,"date":"2025-10-08T14:08:41","date_gmt":"2025-10-08T14:08:41","guid":{"rendered":"http:\/\/hexexist.com\/product\/bizboost\/"},"modified":"2025-10-14T18:01:49","modified_gmt":"2025-10-14T18:01:49","slug":"bizboost","status":"publish","type":"product","link":"https:\/\/hexexist.com\/tr\/urun\/bizboost\/","title":{"rendered":"BizBoost"},"content":{"rendered":"\n<p>BizBoost, karanl\u0131k ve minimal bir tasar\u0131mla gelen \u00fccretsiz, \u00e7ok ama\u00e7l\u0131 bir kurumsal WordPress Blok temas\u0131d\u0131r. Blok tabanl\u0131 tema, i\u015flerini \u00e7evrimi\u00e7i olarak tan\u0131tmak isteyen her t\u00fcrl\u00fc i\u015fletme i\u00e7in g\u00fczel bir \u015fekilde haz\u0131rlanm\u0131\u015ft\u0131r. Bu tema kurumsal, blog, portf\u00f6y, e-ticaret, freelance ve daha bir\u00e7ok web sitesi olu\u015fturmak i\u00e7in idealdir. Bu ola\u011fan\u00fcst\u00fc kurumsal tema, herhangi bir pazar ni\u015fine uyum sa\u011flayabilir ve sezgisel bir aray\u00fcz sa\u011flar. \u015eirketinizin i\u015f alan\u0131nda parlamas\u0131na yard\u0131mc\u0131 olan bir\u00e7ok \u015fa\u015f\u0131rt\u0131c\u0131 \u00f6zellik ile birlikte gelir. BizBoost, herhangi bir web sitesi i\u00e7in esnek bir \u00e7er\u00e7eve sa\u011flayan basit ve temiz ancak zengin \u00f6zelliklere sahip \u00e7ok ama\u00e7l\u0131 bir blok temas\u0131d\u0131r. Dahas\u0131, tema, istedi\u011finiz \u015fekilde harika bir kurumsal site olu\u015fturman\u0131za yard\u0131mc\u0131 olan 12+ blok deseni, 15 FSE \u015eablonu ve 8 \u015eablon Par\u00e7as\u0131 ile birlikte gelir. Blok desenlerinden baz\u0131lar\u0131 \u00d6ne \u00c7\u0131kan \u0130\u00e7erik, \u00dc\u00e7 S\u00fctunlu Altbilgi, Altbilgi, \u00dcstbilgi Nav Merkezli, \u00dcstbilgi Medyas\u0131 Resim Yok, \u00dcstbilgi, Kahraman \u0130\u00e7erik, Son \u00dcr\u00fcnler, Promosyon \u0130leti\u015fim, Son Blog Yaz\u0131lar\u0131, \u0130statistikler, Kenar \u00c7ubu\u011fu \u00dcr\u00fcnleri ve \u00e7ok daha fazlas\u0131d\u0131r. BizBoost&#8217;taki t\u00fcm blok kal\u0131plar\u0131, \u015fablonlar ve \u015fablon par\u00e7alar\u0131 t\u00fcm ekran boyutlar\u0131na uyum sa\u011flar ve tamamen duyarl\u0131 ve son derece \u00f6zelle\u015ftirilebilirdir.        <\/p>\n","protected":false},"excerpt":{"rendered":"<p>BizBoost, karanl\u0131k ve minimal bir tasar\u0131mla gelen \u00fccretsiz, \u00e7ok ama\u00e7l\u0131 bir kurumsal WordPress Blok temas\u0131d\u0131r. Blok tabanl\u0131 tema, i\u015flerini \u00e7evrimi\u00e7i olarak tan\u0131tmak isteyen her t\u00fcrl\u00fc i\u015fletme i\u00e7in g\u00fczel bir \u015fekilde haz\u0131rlanm\u0131\u015ft\u0131r. Bu tema kurumsal, blog, portf\u00f6y, e-ticaret, freelance ve daha bir\u00e7ok web sitesi olu\u015fturmak i\u00e7in idealdir. Bu ola\u011fan\u00fcst\u00fc kurumsal tema, herhangi bir pazar ni\u015fine uyum [&hellip;]<\/p>\n","protected":false},"featured_media":12827,"comment_status":"open","ping_status":"closed","template":"","meta":[],"product_brand":[],"product_cat":[1415,1416],"product_tag":[2645,2651,1575,2652,2641,2654,2648,2647,2158,2649,2644,2642,2653,2643,1702,2646,2650],"class_list":{"0":"post-14224","1":"product","2":"type-product","3":"status-publish","4":"has-post-thumbnail","6":"product_cat-temalar","7":"product_cat-wordpress-tr","8":"product_tag-altbilgi-widgetlari","9":"product_tag-bir-sutun","10":"product_tag-blog-tr","11":"product_tag-blok-duzenleyici-kaliplari","12":"product_tag-blok-duzenleyici-stilleri","13":"product_tag-blok-temalari","14":"product_tag-ceviri-hazir","15":"product_tag-disli-yorumlar","16":"product_tag-fotografcilik","17":"product_tag-iki-sutun","18":"product_tag-one-cikan-gorseller","19":"product_tag-ozel-arka-plan","20":"product_tag-ozel-logo","21":"product_tag-ozel-menu","22":"product_tag-portfoy","23":"product_tag-sag-kenar-cubugu","24":"product_tag-sol-kenar-cubugu","26":"first","27":"instock","28":"featured","29":"downloadable","30":"virtual","31":"product-type-simple"},"_links":{"self":[{"href":"https:\/\/hexexist.com\/tr\/wp-json\/wp\/v2\/product\/14224","targetHints":{"allow":["GET"]}}],"collection":[{"href":"https:\/\/hexexist.com\/tr\/wp-json\/wp\/v2\/product"}],"about":[{"href":"https:\/\/hexexist.com\/tr\/wp-json\/wp\/v2\/types\/product"}],"replies":[{"embeddable":true,"href":"https:\/\/hexexist.com\/tr\/wp-json\/wp\/v2\/comments?post=14224"}],"wp:featuredmedia":[{"embeddable":true,"href":"https:\/\/hexexist.com\/tr\/wp-json\/wp\/v2\/media\/12827"}],"wp:attachment":[{"href":"https:\/\/hexexist.com\/tr\/wp-json\/wp\/v2\/media?parent=14224"}],"wp:term":[{"taxonomy":"product_brand","embeddable":true,"href":"https:\/\/hexexist.com\/tr\/wp-json\/wp\/v2\/product_brand?post=14224"},{"taxonomy":"product_cat","embeddable":true,"href":"https:\/\/hexexist.com\/tr\/wp-json\/wp\/v2\/product_cat?post=14224"},{"taxonomy":"product_tag","embeddable":true,"href":"https:\/\/hexexist.com\/tr\/wp-json\/wp\/v2\/product_tag?post=14224"}],"curies":[{"name":"wp","href":"https:\/\/api.w.org\/{rel}","templated":true}]}}