{"id":14225,"date":"2025-10-09T09:49:12","date_gmt":"2025-10-09T09:49:12","guid":{"rendered":"http:\/\/hexexist.com\/product\/akismet-anti-spam-spam-korumasi\/"},"modified":"2026-03-09T11:59:11","modified_gmt":"2026-03-09T11:59:11","slug":"akismet-anti-spam-spam-korumasi","status":"publish","type":"product","link":"https:\/\/hexexist.com\/tr\/urun\/akismet-anti-spam-spam-korumasi\/","title":{"rendered":"Akismet Anti-spam: Spam Korumas\u0131"},"content":{"rendered":"<p>Spam yorumlar\u0131 ve ileti\u015fim formundaki spam&#8217;leri engellemek i\u00e7in en iyi anti-spam korumas\u0131. WordPress ve WooCommerce i\u00e7in en g\u00fcvenilir antispam \u00e7\u00f6z\u00fcm\u00fc. <\/p>\n","protected":false},"excerpt":{"rendered":"<p>Spam yorumlar\u0131 ve ileti\u015fim formundaki spam&#8217;leri engellemek i\u00e7in en iyi anti-spam korumas\u0131. WordPress ve WooCommerce i\u00e7in en g\u00fcvenilir antispam \u00e7\u00f6z\u00fcm\u00fc.<\/p>\n","protected":false},"featured_media":12828,"comment_status":"open","ping_status":"closed","template":"","meta":[],"product_brand":[],"product_cat":[1413],"product_tag":[1424,2082,1524,1541,1634],"class_list":{"0":"post-14225","1":"product","2":"type-product","3":"status-publish","4":"has-post-thumbnail","6":"product_cat-eklentiler","7":"product_tag-anti-spam-tr","8":"product_tag-antispam-tr","9":"product_tag-iletisim-formu","10":"product_tag-spam-tr","11":"product_tag-yorumlar","13":"first","14":"instock","15":"downloadable","16":"virtual","17":"product-type-simple"},"_links":{"self":[{"href":"https:\/\/hexexist.com\/tr\/wp-json\/wp\/v2\/product\/14225","targetHints":{"allow":["GET"]}}],"collection":[{"href":"https:\/\/hexexist.com\/tr\/wp-json\/wp\/v2\/product"}],"about":[{"href":"https:\/\/hexexist.com\/tr\/wp-json\/wp\/v2\/types\/product"}],"replies":[{"embeddable":true,"href":"https:\/\/hexexist.com\/tr\/wp-json\/wp\/v2\/comments?post=14225"}],"wp:featuredmedia":[{"embeddable":true,"href":"https:\/\/hexexist.com\/tr\/wp-json\/wp\/v2\/media\/12828"}],"wp:attachment":[{"href":"https:\/\/hexexist.com\/tr\/wp-json\/wp\/v2\/media?parent=14225"}],"wp:term":[{"taxonomy":"product_brand","embeddable":true,"href":"https:\/\/hexexist.com\/tr\/wp-json\/wp\/v2\/product_brand?post=14225"},{"taxonomy":"product_cat","embeddable":true,"href":"https:\/\/hexexist.com\/tr\/wp-json\/wp\/v2\/product_cat?post=14225"},{"taxonomy":"product_tag","embeddable":true,"href":"https:\/\/hexexist.com\/tr\/wp-json\/wp\/v2\/product_tag?post=14225"}],"curies":[{"name":"wp","href":"https:\/\/api.w.org\/{rel}","templated":true}]}}