{"id":14226,"date":"2025-10-09T09:49:13","date_gmt":"2025-10-09T09:49:13","guid":{"rendered":"http:\/\/hexexist.com\/product\/really-simple-security-basit-ve-performansli-guvenlik-eski-adiyla-really-simple-ssl\/"},"modified":"2025-10-09T09:49:13","modified_gmt":"2025-10-09T09:49:13","slug":"really-simple-security-basit-ve-performansli-guvenlik-eski-adiyla-really-simple-ssl","status":"publish","type":"product","link":"https:\/\/hexexist.com\/tr\/urun\/really-simple-security-basit-ve-performansli-guvenlik-eski-adiyla-really-simple-ssl\/","title":{"rendered":"Really Simple Security Basit ve Performansl\u0131 G\u00fcvenlik (eski ad\u0131yla Really Simple SSL)"},"content":{"rendered":"<p>WordPress Hardening, \u0130ki Fakt\u00f6rl\u00fc Kimlik Do\u011frulama (2FA), Oturum A\u00e7ma Korumas\u0131, G\u00fcvenlik A\u00e7\u0131\u011f\u0131 Tespiti ve SSL sertifikas\u0131 ile site g\u00fcvenli\u011fini kolayca art\u0131r\u0131n.<\/p>\n","protected":false},"excerpt":{"rendered":"<p>WordPress Hardening, \u0130ki Fakt\u00f6rl\u00fc Kimlik Do\u011frulama (2FA), Oturum A\u00e7ma Korumas\u0131, G\u00fcvenlik A\u00e7\u0131\u011f\u0131 Tespiti ve SSL sertifikas\u0131 ile site g\u00fcvenli\u011fini kolayca art\u0131r\u0131n.<\/p>\n","protected":false},"featured_media":12839,"comment_status":"open","ping_status":"closed","template":"","meta":[],"product_brand":[],"product_cat":[1413],"product_tag":[1468,1455,2395,1998,2655],"class_list":{"0":"post-14226","1":"product","2":"type-product","3":"status-publish","4":"has-post-thumbnail","6":"product_cat-eklentiler","7":"product_tag-2fa-tr","8":"product_tag-guvenlik","9":"product_tag-guvenlik-aciklari","10":"product_tag-https-tr","11":"product_tag-iki-faktor","13":"first","14":"instock","15":"downloadable","16":"virtual","17":"product-type-simple"},"_links":{"self":[{"href":"https:\/\/hexexist.com\/tr\/wp-json\/wp\/v2\/product\/14226","targetHints":{"allow":["GET"]}}],"collection":[{"href":"https:\/\/hexexist.com\/tr\/wp-json\/wp\/v2\/product"}],"about":[{"href":"https:\/\/hexexist.com\/tr\/wp-json\/wp\/v2\/types\/product"}],"replies":[{"embeddable":true,"href":"https:\/\/hexexist.com\/tr\/wp-json\/wp\/v2\/comments?post=14226"}],"wp:featuredmedia":[{"embeddable":true,"href":"https:\/\/hexexist.com\/tr\/wp-json\/wp\/v2\/media\/12839"}],"wp:attachment":[{"href":"https:\/\/hexexist.com\/tr\/wp-json\/wp\/v2\/media?parent=14226"}],"wp:term":[{"taxonomy":"product_brand","embeddable":true,"href":"https:\/\/hexexist.com\/tr\/wp-json\/wp\/v2\/product_brand?post=14226"},{"taxonomy":"product_cat","embeddable":true,"href":"https:\/\/hexexist.com\/tr\/wp-json\/wp\/v2\/product_cat?post=14226"},{"taxonomy":"product_tag","embeddable":true,"href":"https:\/\/hexexist.com\/tr\/wp-json\/wp\/v2\/product_tag?post=14226"}],"curies":[{"name":"wp","href":"https:\/\/api.w.org\/{rel}","templated":true}]}}