{"id":14227,"date":"2025-10-09T09:49:12","date_gmt":"2025-10-09T09:49:12","guid":{"rendered":"http:\/\/hexexist.com\/product\/iletisim-formu-7\/"},"modified":"2026-04-17T09:58:50","modified_gmt":"2026-04-17T09:58:50","slug":"iletisim-formu-7","status":"publish","type":"product","link":"https:\/\/hexexist.com\/tr\/urun\/iletisim-formu-7\/","title":{"rendered":"\u0130leti\u015fim Formu 7"},"content":{"rendered":"<p>Contact Form 7, \u00f6zg\u00fcr ve a\u00e7\u0131k kaynak yaz\u0131l\u0131m felsefesini benimseyen t\u00fcm WordPress kullan\u0131c\u0131lar\u0131 i\u00e7in pratik bir ara\u00e7 olarak tasarlanm\u0131\u015f bir eklentidir. Sofistike bir \u015fekilde mod\u00fclerle\u015ftirilmi\u015f mimari ve orijinal Schema-Woven Validation teknolojisini kullan\u0131r. <\/p>\n","protected":false},"excerpt":{"rendered":"<p>Contact Form 7, \u00f6zg\u00fcr ve a\u00e7\u0131k kaynak yaz\u0131l\u0131m felsefesini benimseyen t\u00fcm WordPress kullan\u0131c\u0131lar\u0131 i\u00e7in pratik bir ara\u00e7 olarak tasarlanm\u0131\u015f bir eklentidir. Sofistike bir \u015fekilde mod\u00fclerle\u015ftirilmi\u015f mimari ve orijinal Schema-Woven Validation teknolojisini kullan\u0131r.<\/p>\n","protected":false},"featured_media":12832,"comment_status":"open","ping_status":"closed","template":"","meta":[],"product_brand":[],"product_cat":[1413],"product_tag":[1524],"class_list":{"0":"post-14227","1":"product","2":"type-product","3":"status-publish","4":"has-post-thumbnail","6":"product_cat-eklentiler","7":"product_tag-iletisim-formu","9":"first","10":"instock","11":"downloadable","12":"virtual","13":"product-type-simple"},"_links":{"self":[{"href":"https:\/\/hexexist.com\/tr\/wp-json\/wp\/v2\/product\/14227","targetHints":{"allow":["GET"]}}],"collection":[{"href":"https:\/\/hexexist.com\/tr\/wp-json\/wp\/v2\/product"}],"about":[{"href":"https:\/\/hexexist.com\/tr\/wp-json\/wp\/v2\/types\/product"}],"replies":[{"embeddable":true,"href":"https:\/\/hexexist.com\/tr\/wp-json\/wp\/v2\/comments?post=14227"}],"wp:featuredmedia":[{"embeddable":true,"href":"https:\/\/hexexist.com\/tr\/wp-json\/wp\/v2\/media\/12832"}],"wp:attachment":[{"href":"https:\/\/hexexist.com\/tr\/wp-json\/wp\/v2\/media?parent=14227"}],"wp:term":[{"taxonomy":"product_brand","embeddable":true,"href":"https:\/\/hexexist.com\/tr\/wp-json\/wp\/v2\/product_brand?post=14227"},{"taxonomy":"product_cat","embeddable":true,"href":"https:\/\/hexexist.com\/tr\/wp-json\/wp\/v2\/product_cat?post=14227"},{"taxonomy":"product_tag","embeddable":true,"href":"https:\/\/hexexist.com\/tr\/wp-json\/wp\/v2\/product_tag?post=14227"}],"curies":[{"name":"wp","href":"https:\/\/api.w.org\/{rel}","templated":true}]}}