{"id":14228,"date":"2025-10-09T09:49:13","date_gmt":"2025-10-09T09:49:13","guid":{"rendered":"http:\/\/hexexist.com\/product\/litespeed-onbellek\/"},"modified":"2025-10-09T09:49:13","modified_gmt":"2025-10-09T09:49:13","slug":"litespeed-onbellek","status":"publish","type":"product","link":"https:\/\/hexexist.com\/tr\/urun\/litespeed-onbellek\/","title":{"rendered":"LiteSpeed \u00d6nbellek"},"content":{"rendered":"<p>WordPress i\u00e7in LiteSpeed Cache (LSCWP), \u00f6zel bir sunucu d\u00fczeyinde \u00f6nbellek ve bir dizi optimizasyon \u00f6zelli\u011fi i\u00e7eren hepsi bir arada bir site h\u0131zland\u0131rma eklentisidir.<\/p>\n","protected":false},"excerpt":{"rendered":"<p>WordPress i\u00e7in LiteSpeed Cache (LSCWP), \u00f6zel bir sunucu d\u00fczeyinde \u00f6nbellek ve bir dizi optimizasyon \u00f6zelli\u011fi i\u00e7eren hepsi bir arada bir site h\u0131zland\u0131rma eklentisidir.<\/p>\n","protected":false},"featured_media":12838,"comment_status":"open","ping_status":"closed","template":"","meta":[],"product_brand":[],"product_cat":[1413],"product_tag":[1737,1626,1469,1471,1583],"class_list":{"0":"post-14228","1":"product","2":"type-product","3":"status-publish","4":"has-post-thumbnail","6":"product_cat-eklentiler","7":"product_tag-onbellege-alma","8":"product_tag-optimize-edin","9":"product_tag-performans","10":"product_tag-sayfa-hizi","11":"product_tag-seo-tr","13":"first","14":"instock","15":"downloadable","16":"virtual","17":"product-type-simple"},"_links":{"self":[{"href":"https:\/\/hexexist.com\/tr\/wp-json\/wp\/v2\/product\/14228","targetHints":{"allow":["GET"]}}],"collection":[{"href":"https:\/\/hexexist.com\/tr\/wp-json\/wp\/v2\/product"}],"about":[{"href":"https:\/\/hexexist.com\/tr\/wp-json\/wp\/v2\/types\/product"}],"replies":[{"embeddable":true,"href":"https:\/\/hexexist.com\/tr\/wp-json\/wp\/v2\/comments?post=14228"}],"wp:featuredmedia":[{"embeddable":true,"href":"https:\/\/hexexist.com\/tr\/wp-json\/wp\/v2\/media\/12838"}],"wp:attachment":[{"href":"https:\/\/hexexist.com\/tr\/wp-json\/wp\/v2\/media?parent=14228"}],"wp:term":[{"taxonomy":"product_brand","embeddable":true,"href":"https:\/\/hexexist.com\/tr\/wp-json\/wp\/v2\/product_brand?post=14228"},{"taxonomy":"product_cat","embeddable":true,"href":"https:\/\/hexexist.com\/tr\/wp-json\/wp\/v2\/product_cat?post=14228"},{"taxonomy":"product_tag","embeddable":true,"href":"https:\/\/hexexist.com\/tr\/wp-json\/wp\/v2\/product_tag?post=14228"}],"curies":[{"name":"wp","href":"https:\/\/api.w.org\/{rel}","templated":true}]}}