{"id":14229,"date":"2025-10-09T09:49:13","date_gmt":"2025-10-09T09:49:13","guid":{"rendered":"http:\/\/hexexist.com\/product\/jetpack-wp-guvenligi-yedekleme-hiz-ve-buyume\/"},"modified":"2025-10-09T09:49:13","modified_gmt":"2025-10-09T09:49:13","slug":"jetpack-wp-guvenligi-yedekleme-hiz-ve-buyume","status":"publish","type":"product","link":"https:\/\/hexexist.com\/tr\/urun\/jetpack-wp-guvenligi-yedekleme-hiz-ve-buyume\/","title":{"rendered":"Jetpack WP G\u00fcvenli\u011fi, Yedekleme, H\u0131z ve B\u00fcy\u00fcme"},"content":{"rendered":"<p>Jetpack, daha iyi i\u00e7erik olu\u015fturman\u0131za, abonelerinizi art\u0131rman\u0131za, web sitenizden para kazanman\u0131za ve web sitenizi g\u00fcvenli, h\u0131zl\u0131 ve emniyetli tutman\u0131za yard\u0131mc\u0131 olan bir WordPress eklentisidir. Jetpack istatistikleri ile web sitenizin trafi\u011fini art\u0131rabilir ve takip edebilir, Jetpack AI ile daha iyi i\u00e7erik olu\u015fturabilirsiniz. Bir haber b\u00fclteni ba\u015flatabilir ve hayranlar\u0131n\u0131z\u0131 \u00f6deme yapan abonelere d\u00f6n\u00fc\u015ft\u00fcrerek kitlenizi b\u00fcy\u00fctebilirsiniz. Jetpack Creator ile g\u00fczel i\u00e7erikler olu\u015fturun ve Jetpack Boost ile sitenizi h\u0131zl\u0131 tutun.   <\/p>\n","protected":false},"excerpt":{"rendered":"<p>Jetpack, daha iyi i\u00e7erik olu\u015fturman\u0131za, abonelerinizi art\u0131rman\u0131za, web sitenizden para kazanman\u0131za ve web sitenizi g\u00fcvenli, h\u0131zl\u0131 ve emniyetli tutman\u0131za yard\u0131mc\u0131 olan bir WordPress eklentisidir. Jetpack istatistikleri ile web sitenizin trafi\u011fini art\u0131rabilir ve takip edebilir, Jetpack AI ile daha iyi i\u00e7erik olu\u015fturabilirsiniz. Bir haber b\u00fclteni ba\u015flatabilir ve hayranlar\u0131n\u0131z\u0131 \u00f6deme yapan abonelere d\u00f6n\u00fc\u015ft\u00fcrerek kitlenizi b\u00fcy\u00fctebilirsiniz. Jetpack Creator [&hellip;]<\/p>\n","protected":false},"featured_media":12837,"comment_status":"open","ping_status":"closed","template":"","meta":[],"product_brand":[],"product_cat":[1413],"product_tag":[1455,1454,1469,2142,1650],"class_list":{"0":"post-14229","1":"product","2":"type-product","3":"status-publish","4":"has-post-thumbnail","6":"product_cat-eklentiler","7":"product_tag-guvenlik","8":"product_tag-kotu-amacli-yazilim","9":"product_tag-performans","10":"product_tag-tarama","11":"product_tag-yedekleme","13":"first","14":"instock","15":"downloadable","16":"virtual","17":"product-type-simple"},"_links":{"self":[{"href":"https:\/\/hexexist.com\/tr\/wp-json\/wp\/v2\/product\/14229","targetHints":{"allow":["GET"]}}],"collection":[{"href":"https:\/\/hexexist.com\/tr\/wp-json\/wp\/v2\/product"}],"about":[{"href":"https:\/\/hexexist.com\/tr\/wp-json\/wp\/v2\/types\/product"}],"replies":[{"embeddable":true,"href":"https:\/\/hexexist.com\/tr\/wp-json\/wp\/v2\/comments?post=14229"}],"wp:featuredmedia":[{"embeddable":true,"href":"https:\/\/hexexist.com\/tr\/wp-json\/wp\/v2\/media\/12837"}],"wp:attachment":[{"href":"https:\/\/hexexist.com\/tr\/wp-json\/wp\/v2\/media?parent=14229"}],"wp:term":[{"taxonomy":"product_brand","embeddable":true,"href":"https:\/\/hexexist.com\/tr\/wp-json\/wp\/v2\/product_brand?post=14229"},{"taxonomy":"product_cat","embeddable":true,"href":"https:\/\/hexexist.com\/tr\/wp-json\/wp\/v2\/product_cat?post=14229"},{"taxonomy":"product_tag","embeddable":true,"href":"https:\/\/hexexist.com\/tr\/wp-json\/wp\/v2\/product_tag?post=14229"}],"curies":[{"name":"wp","href":"https:\/\/api.w.org\/{rel}","templated":true}]}}