{"id":14230,"date":"2025-10-09T09:49:12","date_gmt":"2025-10-09T09:49:12","guid":{"rendered":"http:\/\/hexexist.com\/product\/klasik-editor\/"},"modified":"2025-10-09T09:49:12","modified_gmt":"2025-10-09T09:49:12","slug":"klasik-editor","status":"publish","type":"product","link":"https:\/\/hexexist.com\/tr\/urun\/klasik-editor\/","title":{"rendered":"Klasik Edit\u00f6r"},"content":{"rendered":"<p>Classic Editor, WordPress ekibi taraf\u0131ndan s\u00fcrd\u00fcr\u00fclen ve \u00f6nceki WordPress edit\u00f6r\u00fcn\u00fc ve &#8220;Edit Post&#8221; ekran\u0131n\u0131 geri y\u00fckleyen resmi bir eklentidir. Bu ekran\u0131 geni\u015fleten, eski tarz meta kutular\u0131 ekleyen veya \u00f6nceki d\u00fczenleyiciye ba\u011fl\u0131 olan eklentilerin kullan\u0131lmas\u0131n\u0131 m\u00fcmk\u00fcn k\u0131lar.<\/p>\n","protected":false},"excerpt":{"rendered":"<p>Classic Editor, WordPress ekibi taraf\u0131ndan s\u00fcrd\u00fcr\u00fclen ve \u00f6nceki WordPress edit\u00f6r\u00fcn\u00fc ve &#8220;Edit Post&#8221; ekran\u0131n\u0131 geri y\u00fckleyen resmi bir eklentidir. Bu ekran\u0131 geni\u015fleten, eski tarz meta kutular\u0131 ekleyen veya \u00f6nceki d\u00fczenleyiciye ba\u011fl\u0131 olan eklentilerin kullan\u0131lmas\u0131n\u0131 m\u00fcmk\u00fcn k\u0131lar.<\/p>\n","protected":false},"featured_media":12831,"comment_status":"open","ping_status":"closed","template":"","meta":[],"product_brand":[],"product_cat":[1413],"product_tag":[1769,1771,1526,2656],"class_list":{"0":"post-14230","1":"product","2":"type-product","3":"status-publish","4":"has-post-thumbnail","6":"product_cat-eklentiler","7":"product_tag-blok-duzenleyici","8":"product_tag-editor-tr","9":"product_tag-gutenberg-tr","10":"product_tag-klasik-editor","12":"first","13":"instock","14":"downloadable","15":"virtual","16":"product-type-simple"},"_links":{"self":[{"href":"https:\/\/hexexist.com\/tr\/wp-json\/wp\/v2\/product\/14230","targetHints":{"allow":["GET"]}}],"collection":[{"href":"https:\/\/hexexist.com\/tr\/wp-json\/wp\/v2\/product"}],"about":[{"href":"https:\/\/hexexist.com\/tr\/wp-json\/wp\/v2\/types\/product"}],"replies":[{"embeddable":true,"href":"https:\/\/hexexist.com\/tr\/wp-json\/wp\/v2\/comments?post=14230"}],"wp:featuredmedia":[{"embeddable":true,"href":"https:\/\/hexexist.com\/tr\/wp-json\/wp\/v2\/media\/12831"}],"wp:attachment":[{"href":"https:\/\/hexexist.com\/tr\/wp-json\/wp\/v2\/media?parent=14230"}],"wp:term":[{"taxonomy":"product_brand","embeddable":true,"href":"https:\/\/hexexist.com\/tr\/wp-json\/wp\/v2\/product_brand?post=14230"},{"taxonomy":"product_cat","embeddable":true,"href":"https:\/\/hexexist.com\/tr\/wp-json\/wp\/v2\/product_cat?post=14230"},{"taxonomy":"product_tag","embeddable":true,"href":"https:\/\/hexexist.com\/tr\/wp-json\/wp\/v2\/product_tag?post=14230"}],"curies":[{"name":"wp","href":"https:\/\/api.w.org\/{rel}","templated":true}]}}