{"id":14231,"date":"2025-10-09T09:49:13","date_gmt":"2025-10-09T09:49:13","guid":{"rendered":"http:\/\/hexexist.com\/product\/google-analytics-search-console-adsense-hiz-ile-site-kiti\/"},"modified":"2025-10-09T09:49:13","modified_gmt":"2025-10-09T09:49:13","slug":"google-analytics-search-console-adsense-hiz-ile-site-kiti","status":"publish","type":"product","link":"https:\/\/hexexist.com\/tr\/urun\/google-analytics-search-console-adsense-hiz-ile-site-kiti\/","title":{"rendered":"Google Analytics, Search Console, AdSense, H\u0131z ile Site Kiti"},"content":{"rendered":"<p>Site Kit, insanlar\u0131n sitenizi nas\u0131l buldu\u011fu ve kulland\u0131\u011f\u0131 hakk\u0131nda bilgi edinmek i\u00e7in Google&#8217;\u0131n resmi WordPress eklentisidir. Site Kit, sitenizi web&#8217;de ba\u015far\u0131l\u0131 k\u0131lmak i\u00e7in kritik Google ara\u00e7lar\u0131n\u0131 da\u011f\u0131tmak, y\u00f6netmek ve bunlardan bilgi almak i\u00e7in tek noktadan \u00e7\u00f6z\u00fcmd\u00fcr. Kolay eri\u015fim i\u00e7in do\u011frudan WordPress panosunda birden fazla Google \u00fcr\u00fcn\u00fcnden yetkili, g\u00fcncel bilgiler sa\u011flar ve bunlar\u0131n t\u00fcm\u00fc \u00fccretsizdir.  <\/p>\n","protected":false},"excerpt":{"rendered":"<p>Site Kit, insanlar\u0131n sitenizi nas\u0131l buldu\u011fu ve kulland\u0131\u011f\u0131 hakk\u0131nda bilgi edinmek i\u00e7in Google&#8217;\u0131n resmi WordPress eklentisidir. Site Kit, sitenizi web&#8217;de ba\u015far\u0131l\u0131 k\u0131lmak i\u00e7in kritik Google ara\u00e7lar\u0131n\u0131 da\u011f\u0131tmak, y\u00f6netmek ve bunlardan bilgi almak i\u00e7in tek noktadan \u00e7\u00f6z\u00fcmd\u00fcr. Kolay eri\u015fim i\u00e7in do\u011frudan WordPress panosunda birden fazla Google \u00fcr\u00fcn\u00fcnden yetkili, g\u00fcncel bilgiler sa\u011flar ve bunlar\u0131n t\u00fcm\u00fc \u00fccretsizdir.<\/p>\n","protected":false},"featured_media":12836,"comment_status":"open","ping_status":"closed","template":"","meta":[],"product_brand":[],"product_cat":[1413],"product_tag":[2239,1550,2658,1502,2657],"class_list":{"0":"post-14231","1":"product","2":"type-product","3":"status-publish","4":"has-post-thumbnail","6":"product_cat-eklentiler","7":"product_tag-adsense-tr","8":"product_tag-analitik","9":"product_tag-arama-konsolu","10":"product_tag-google-tr","11":"product_tag-sayfa-hizi-icgoruleri","13":"first","14":"instock","15":"downloadable","16":"virtual","17":"product-type-simple"},"_links":{"self":[{"href":"https:\/\/hexexist.com\/tr\/wp-json\/wp\/v2\/product\/14231","targetHints":{"allow":["GET"]}}],"collection":[{"href":"https:\/\/hexexist.com\/tr\/wp-json\/wp\/v2\/product"}],"about":[{"href":"https:\/\/hexexist.com\/tr\/wp-json\/wp\/v2\/types\/product"}],"replies":[{"embeddable":true,"href":"https:\/\/hexexist.com\/tr\/wp-json\/wp\/v2\/comments?post=14231"}],"wp:featuredmedia":[{"embeddable":true,"href":"https:\/\/hexexist.com\/tr\/wp-json\/wp\/v2\/media\/12836"}],"wp:attachment":[{"href":"https:\/\/hexexist.com\/tr\/wp-json\/wp\/v2\/media?parent=14231"}],"wp:term":[{"taxonomy":"product_brand","embeddable":true,"href":"https:\/\/hexexist.com\/tr\/wp-json\/wp\/v2\/product_brand?post=14231"},{"taxonomy":"product_cat","embeddable":true,"href":"https:\/\/hexexist.com\/tr\/wp-json\/wp\/v2\/product_cat?post=14231"},{"taxonomy":"product_tag","embeddable":true,"href":"https:\/\/hexexist.com\/tr\/wp-json\/wp\/v2\/product_tag?post=14231"}],"curies":[{"name":"wp","href":"https:\/\/api.w.org\/{rel}","templated":true}]}}