{"id":14232,"date":"2025-10-09T09:49:12","date_gmt":"2025-10-09T09:49:12","guid":{"rendered":"http:\/\/hexexist.com\/product\/hepsi-bir-arada-wp-tasima-ve-yedekleme\/"},"modified":"2025-10-09T09:49:12","modified_gmt":"2025-10-09T09:49:12","slug":"hepsi-bir-arada-wp-tasima-ve-yedekleme","status":"publish","type":"product","link":"https:\/\/hexexist.com\/tr\/urun\/hepsi-bir-arada-wp-tasima-ve-yedekleme\/","title":{"rendered":"Hepsi Bir Arada WP Ta\u015f\u0131ma ve Yedekleme"},"content":{"rendered":"<p>2013&#8217;ten Beri En G\u00fcvenilir WordPress Ta\u015f\u0131ma ve Yedekleme \u00c7\u00f6z\u00fcm\u00fc<\/p>\n","protected":false},"excerpt":{"rendered":"<p>2013&#8217;ten Beri En G\u00fcvenilir WordPress Ta\u015f\u0131ma ve Yedekleme \u00c7\u00f6z\u00fcm\u00fc<\/p>\n","protected":false},"featured_media":12830,"comment_status":"open","ping_status":"closed","template":"","meta":[],"product_brand":[],"product_cat":[1413],"product_tag":[2659,1761,1847,2660,1650],"class_list":{"0":"post-14232","1":"product","2":"type-product","3":"status-publish","4":"has-post-thumbnail","6":"product_cat-eklentiler","7":"product_tag-hareket-et","8":"product_tag-klon","9":"product_tag-kopya","10":"product_tag-transfer-tr","11":"product_tag-yedekleme","13":"first","14":"instock","15":"downloadable","16":"virtual","17":"product-type-simple"},"_links":{"self":[{"href":"https:\/\/hexexist.com\/tr\/wp-json\/wp\/v2\/product\/14232","targetHints":{"allow":["GET"]}}],"collection":[{"href":"https:\/\/hexexist.com\/tr\/wp-json\/wp\/v2\/product"}],"about":[{"href":"https:\/\/hexexist.com\/tr\/wp-json\/wp\/v2\/types\/product"}],"replies":[{"embeddable":true,"href":"https:\/\/hexexist.com\/tr\/wp-json\/wp\/v2\/comments?post=14232"}],"wp:featuredmedia":[{"embeddable":true,"href":"https:\/\/hexexist.com\/tr\/wp-json\/wp\/v2\/media\/12830"}],"wp:attachment":[{"href":"https:\/\/hexexist.com\/tr\/wp-json\/wp\/v2\/media?parent=14232"}],"wp:term":[{"taxonomy":"product_brand","embeddable":true,"href":"https:\/\/hexexist.com\/tr\/wp-json\/wp\/v2\/product_brand?post=14232"},{"taxonomy":"product_cat","embeddable":true,"href":"https:\/\/hexexist.com\/tr\/wp-json\/wp\/v2\/product_cat?post=14232"},{"taxonomy":"product_tag","embeddable":true,"href":"https:\/\/hexexist.com\/tr\/wp-json\/wp\/v2\/product_tag?post=14232"}],"curies":[{"name":"wp","href":"https:\/\/api.w.org\/{rel}","templated":true}]}}