{"id":14233,"date":"2025-10-09T09:49:12","date_gmt":"2025-10-09T09:49:12","guid":{"rendered":"http:\/\/hexexist.com\/product\/seo-siralamalarini-yukseltmek-ve-trafigi-artirmak-icin-hepsi-bir-arada-seo-guclu-seo-eklentisi\/"},"modified":"2025-10-09T09:49:12","modified_gmt":"2025-10-09T09:49:12","slug":"seo-siralamalarini-yukseltmek-ve-trafigi-artirmak-icin-hepsi-bir-arada-seo-guclu-seo-eklentisi","status":"publish","type":"product","link":"https:\/\/hexexist.com\/tr\/urun\/seo-siralamalarini-yukseltmek-ve-trafigi-artirmak-icin-hepsi-bir-arada-seo-guclu-seo-eklentisi\/","title":{"rendered":"SEO S\u0131ralamalar\u0131n\u0131 Y\u00fckseltmek ve Trafi\u011fi Art\u0131rmak i\u00e7in Hepsi Bir Arada SEO G\u00fc\u00e7l\u00fc SEO Eklentisi"},"content":{"rendered":"<p>All in One SEO, 2007 y\u0131l\u0131nda ba\u015flat\u0131lan orijinal WordPress SEO eklentisidir. Bug\u00fcn, 3 milyondan fazla web sitesi sahibi ve SEO uzman\u0131 daha y\u00fcksek SEO s\u0131ralamalar\u0131 i\u00e7in AIOSEO&#8217;yu kullan\u0131yor. <\/p>\n","protected":false},"excerpt":{"rendered":"<p>All in One SEO, 2007 y\u0131l\u0131nda ba\u015flat\u0131lan orijinal WordPress SEO eklentisidir. Bug\u00fcn, 3 milyondan fazla web sitesi sahibi ve SEO uzman\u0131 daha y\u00fcksek SEO s\u0131ralamalar\u0131 i\u00e7in AIOSEO&#8217;yu kullan\u0131yor.<\/p>\n","protected":false},"featured_media":12829,"comment_status":"open","ping_status":"closed","template":"","meta":[],"product_brand":[],"product_cat":[1413],"product_tag":[2240,2537,2171,1583,2242],"class_list":{"0":"post-14233","1":"product","2":"type-product","3":"status-publish","4":"has-post-thumbnail","6":"product_cat-eklentiler","7":"product_tag-google-arama-konsolu","8":"product_tag-meta-aciklama","9":"product_tag-sema","10":"product_tag-seo-tr","11":"product_tag-xml-site-haritasi","13":"first","14":"instock","15":"downloadable","16":"virtual","17":"product-type-simple"},"_links":{"self":[{"href":"https:\/\/hexexist.com\/tr\/wp-json\/wp\/v2\/product\/14233","targetHints":{"allow":["GET"]}}],"collection":[{"href":"https:\/\/hexexist.com\/tr\/wp-json\/wp\/v2\/product"}],"about":[{"href":"https:\/\/hexexist.com\/tr\/wp-json\/wp\/v2\/types\/product"}],"replies":[{"embeddable":true,"href":"https:\/\/hexexist.com\/tr\/wp-json\/wp\/v2\/comments?post=14233"}],"wp:featuredmedia":[{"embeddable":true,"href":"https:\/\/hexexist.com\/tr\/wp-json\/wp\/v2\/media\/12829"}],"wp:attachment":[{"href":"https:\/\/hexexist.com\/tr\/wp-json\/wp\/v2\/media?parent=14233"}],"wp:term":[{"taxonomy":"product_brand","embeddable":true,"href":"https:\/\/hexexist.com\/tr\/wp-json\/wp\/v2\/product_brand?post=14233"},{"taxonomy":"product_cat","embeddable":true,"href":"https:\/\/hexexist.com\/tr\/wp-json\/wp\/v2\/product_cat?post=14233"},{"taxonomy":"product_tag","embeddable":true,"href":"https:\/\/hexexist.com\/tr\/wp-json\/wp\/v2\/product_tag?post=14233"}],"curies":[{"name":"wp","href":"https:\/\/api.w.org\/{rel}","templated":true}]}}