{"id":14234,"date":"2025-10-09T09:49:13","date_gmt":"2025-10-09T09:49:13","guid":{"rendered":"http:\/\/hexexist.com\/product\/elementor-web-sitesi-olusturucu-sadece-bir-sayfa-olusturucudan-daha-fazlasi\/"},"modified":"2026-03-04T16:11:19","modified_gmt":"2026-03-04T16:11:19","slug":"elementor-web-sitesi-olusturucu-sadece-bir-sayfa-olusturucudan-daha-fazlasi","status":"publish","type":"product","link":"https:\/\/hexexist.com\/tr\/urun\/elementor-web-sitesi-olusturucu-sadece-bir-sayfa-olusturucudan-daha-fazlasi\/","title":{"rendered":"Elementor Web Sitesi Olu\u015fturucu Sadece Bir Sayfa Olu\u015fturucudan Daha Fazlas\u0131"},"content":{"rendered":"<p>Lider WordPress web sitesi olu\u015fturma platformu Elementor, profesyonel, piksel m\u00fckemmelli\u011finde web sitelerini sorunsuz bir \u015fekilde olu\u015fturman\u0131z\u0131 sa\u011flar.<\/p>\n","protected":false},"excerpt":{"rendered":"<p>Lider WordPress web sitesi olu\u015fturma platformu Elementor, profesyonel, piksel m\u00fckemmelli\u011finde web sitelerini sorunsuz bir \u015fekilde olu\u015fturman\u0131z\u0131 sa\u011flar.<\/p>\n","protected":false},"featured_media":12835,"comment_status":"open","ping_status":"closed","template":"","meta":[],"product_brand":[],"product_cat":[1413],"product_tag":[1867,1771,1532,1535,1997],"class_list":{"0":"post-14234","1":"product","2":"type-product","3":"status-publish","4":"has-post-thumbnail","6":"product_cat-eklentiler","7":"product_tag-acilis-sayfasi","8":"product_tag-editor-tr","9":"product_tag-elementor-tr","10":"product_tag-sayfa-olusturucu","11":"product_tag-surukle-ve-birak","13":"first","14":"instock","15":"downloadable","16":"virtual","17":"product-type-simple"},"_links":{"self":[{"href":"https:\/\/hexexist.com\/tr\/wp-json\/wp\/v2\/product\/14234","targetHints":{"allow":["GET"]}}],"collection":[{"href":"https:\/\/hexexist.com\/tr\/wp-json\/wp\/v2\/product"}],"about":[{"href":"https:\/\/hexexist.com\/tr\/wp-json\/wp\/v2\/types\/product"}],"replies":[{"embeddable":true,"href":"https:\/\/hexexist.com\/tr\/wp-json\/wp\/v2\/comments?post=14234"}],"wp:featuredmedia":[{"embeddable":true,"href":"https:\/\/hexexist.com\/tr\/wp-json\/wp\/v2\/media\/12835"}],"wp:attachment":[{"href":"https:\/\/hexexist.com\/tr\/wp-json\/wp\/v2\/media?parent=14234"}],"wp:term":[{"taxonomy":"product_brand","embeddable":true,"href":"https:\/\/hexexist.com\/tr\/wp-json\/wp\/v2\/product_brand?post=14234"},{"taxonomy":"product_cat","embeddable":true,"href":"https:\/\/hexexist.com\/tr\/wp-json\/wp\/v2\/product_cat?post=14234"},{"taxonomy":"product_tag","embeddable":true,"href":"https:\/\/hexexist.com\/tr\/wp-json\/wp\/v2\/product_tag?post=14234"}],"curies":[{"name":"wp","href":"https:\/\/api.w.org\/{rel}","templated":true}]}}