{"id":14235,"date":"2025-10-09T09:49:13","date_gmt":"2025-10-09T09:49:13","guid":{"rendered":"http:\/\/hexexist.com\/product\/yoast-duplicate-post\/"},"modified":"2025-10-09T09:49:13","modified_gmt":"2025-10-09T09:49:13","slug":"yoast-duplicate-post","status":"publish","type":"product","link":"https:\/\/hexexist.com\/tr\/urun\/yoast-duplicate-post\/","title":{"rendered":"Yoast Duplicate Post"},"content":{"rendered":"<p>Bu eklenti, kullan\u0131c\u0131lar\u0131n herhangi bir t\u00fcrdeki g\u00f6nderileri klonlamas\u0131na veya daha fazla d\u00fczenleme i\u00e7in yeni taslaklara kopyalamas\u0131na olanak tan\u0131r.<\/p>\n","protected":false},"excerpt":{"rendered":"<p>Bu eklenti, kullan\u0131c\u0131lar\u0131n herhangi bir t\u00fcrdeki g\u00f6nderileri klonlamas\u0131na veya daha fazla d\u00fczenleme i\u00e7in yeni taslaklara kopyalamas\u0131na olanak tan\u0131r.<\/p>\n","protected":false},"featured_media":12834,"comment_status":"open","ping_status":"closed","template":"","meta":[],"product_brand":[],"product_cat":[1413],"product_tag":[1761,1847,1438],"class_list":{"0":"post-14235","1":"product","2":"type-product","3":"status-publish","4":"has-post-thumbnail","6":"product_cat-eklentiler","7":"product_tag-klon","8":"product_tag-kopya","9":"product_tag-mukerrer-gonderi","11":"first","12":"instock","13":"downloadable","14":"virtual","15":"product-type-simple"},"_links":{"self":[{"href":"https:\/\/hexexist.com\/tr\/wp-json\/wp\/v2\/product\/14235","targetHints":{"allow":["GET"]}}],"collection":[{"href":"https:\/\/hexexist.com\/tr\/wp-json\/wp\/v2\/product"}],"about":[{"href":"https:\/\/hexexist.com\/tr\/wp-json\/wp\/v2\/types\/product"}],"replies":[{"embeddable":true,"href":"https:\/\/hexexist.com\/tr\/wp-json\/wp\/v2\/comments?post=14235"}],"wp:featuredmedia":[{"embeddable":true,"href":"https:\/\/hexexist.com\/tr\/wp-json\/wp\/v2\/media\/12834"}],"wp:attachment":[{"href":"https:\/\/hexexist.com\/tr\/wp-json\/wp\/v2\/media?parent=14235"}],"wp:term":[{"taxonomy":"product_brand","embeddable":true,"href":"https:\/\/hexexist.com\/tr\/wp-json\/wp\/v2\/product_brand?post=14235"},{"taxonomy":"product_cat","embeddable":true,"href":"https:\/\/hexexist.com\/tr\/wp-json\/wp\/v2\/product_cat?post=14235"},{"taxonomy":"product_tag","embeddable":true,"href":"https:\/\/hexexist.com\/tr\/wp-json\/wp\/v2\/product_tag?post=14235"}],"curies":[{"name":"wp","href":"https:\/\/api.w.org\/{rel}","templated":true}]}}