{"id":14236,"date":"2025-10-09T09:49:14","date_gmt":"2025-10-09T09:49:14","guid":{"rendered":"http:\/\/hexexist.com\/product\/wordpress-ice-aktarici\/"},"modified":"2025-10-09T09:49:14","modified_gmt":"2025-10-09T09:49:14","slug":"wordpress-ice-aktarici","status":"publish","type":"product","link":"https:\/\/hexexist.com\/tr\/urun\/wordpress-ice-aktarici\/","title":{"rendered":"WordPress \u0130\u00e7e Aktar\u0131c\u0131"},"content":{"rendered":"<p>WordPress \u0130\u00e7e Aktar\u0131c\u0131, bir WordPress d\u0131\u015fa aktarma dosyas\u0131ndan a\u015fa\u011f\u0131daki i\u00e7eri\u011fi i\u00e7e aktaracakt\u0131r:<\/p>\n","protected":false},"excerpt":{"rendered":"<p>WordPress \u0130\u00e7e Aktar\u0131c\u0131, bir WordPress d\u0131\u015fa aktarma dosyas\u0131ndan a\u015fa\u011f\u0131daki i\u00e7eri\u011fi i\u00e7e aktaracakt\u0131r:<\/p>\n","protected":false},"featured_media":12844,"comment_status":"open","ping_status":"closed","template":"","meta":[],"product_brand":[],"product_cat":[1413],"product_tag":[1689],"class_list":{"0":"post-14236","1":"product","2":"type-product","3":"status-publish","4":"has-post-thumbnail","6":"product_cat-eklentiler","7":"product_tag-ithalatci","9":"first","10":"instock","11":"downloadable","12":"virtual","13":"product-type-simple"},"_links":{"self":[{"href":"https:\/\/hexexist.com\/tr\/wp-json\/wp\/v2\/product\/14236","targetHints":{"allow":["GET"]}}],"collection":[{"href":"https:\/\/hexexist.com\/tr\/wp-json\/wp\/v2\/product"}],"about":[{"href":"https:\/\/hexexist.com\/tr\/wp-json\/wp\/v2\/types\/product"}],"replies":[{"embeddable":true,"href":"https:\/\/hexexist.com\/tr\/wp-json\/wp\/v2\/comments?post=14236"}],"wp:featuredmedia":[{"embeddable":true,"href":"https:\/\/hexexist.com\/tr\/wp-json\/wp\/v2\/media\/12844"}],"wp:attachment":[{"href":"https:\/\/hexexist.com\/tr\/wp-json\/wp\/v2\/media?parent=14236"}],"wp:term":[{"taxonomy":"product_brand","embeddable":true,"href":"https:\/\/hexexist.com\/tr\/wp-json\/wp\/v2\/product_brand?post=14236"},{"taxonomy":"product_cat","embeddable":true,"href":"https:\/\/hexexist.com\/tr\/wp-json\/wp\/v2\/product_cat?post=14236"},{"taxonomy":"product_tag","embeddable":true,"href":"https:\/\/hexexist.com\/tr\/wp-json\/wp\/v2\/product_tag?post=14236"}],"curies":[{"name":"wp","href":"https:\/\/api.w.org\/{rel}","templated":true}]}}