{"id":14237,"date":"2025-10-09T09:49:13","date_gmt":"2025-10-09T09:49:13","guid":{"rendered":"http:\/\/hexexist.com\/product\/yinelenen-sayfa\/"},"modified":"2025-10-09T09:49:13","modified_gmt":"2025-10-09T09:49:13","slug":"yinelenen-sayfa","status":"publish","type":"product","link":"https:\/\/hexexist.com\/tr\/urun\/yinelenen-sayfa\/","title":{"rendered":"Yinelenen Sayfa"},"content":{"rendered":"<p>Yaz\u0131lar\u0131, Sayfalar\u0131 ve \u00d6zel Yaz\u0131lar\u0131 tek bir t\u0131klama ile kolayca \u00e7o\u011falt\u0131n. Sayfalar\u0131n\u0131z\u0131, yaz\u0131lar\u0131n\u0131z\u0131 ve \u00f6zel yaz\u0131lar\u0131n\u0131z\u0131 tek bir t\u0131klamayla \u00e7o\u011faltabilirsiniz ve se\u00e7ti\u011finiz se\u00e7enekler (taslak, \u00f6zel, herkese a\u00e7\u0131k, beklemede) olarak kaydedilir. <\/p>\n","protected":false},"excerpt":{"rendered":"<p>Yaz\u0131lar\u0131, Sayfalar\u0131 ve \u00d6zel Yaz\u0131lar\u0131 tek bir t\u0131klama ile kolayca \u00e7o\u011falt\u0131n. Sayfalar\u0131n\u0131z\u0131, yaz\u0131lar\u0131n\u0131z\u0131 ve \u00f6zel yaz\u0131lar\u0131n\u0131z\u0131 tek bir t\u0131klamayla \u00e7o\u011faltabilirsiniz ve se\u00e7ti\u011finiz se\u00e7enekler (taslak, \u00f6zel, herkese a\u00e7\u0131k, beklemede) olarak kaydedilir.<\/p>\n","protected":false},"featured_media":12833,"comment_status":"open","ping_status":"closed","template":"","meta":[],"product_brand":[],"product_cat":[1413],"product_tag":[2662,1438,1434,2661,1436],"class_list":{"0":"post-14237","1":"product","2":"type-product","3":"status-publish","4":"has-post-thumbnail","6":"product_cat-eklentiler","7":"product_tag-kopya-gonder","8":"product_tag-mukerrer-gonderi","9":"product_tag-ozel-gonderileri-cogaltma","10":"product_tag-sayfa-cogaltma","11":"product_tag-yinelenen-sayfa","13":"first","14":"instock","15":"downloadable","16":"virtual","17":"product-type-simple"},"_links":{"self":[{"href":"https:\/\/hexexist.com\/tr\/wp-json\/wp\/v2\/product\/14237","targetHints":{"allow":["GET"]}}],"collection":[{"href":"https:\/\/hexexist.com\/tr\/wp-json\/wp\/v2\/product"}],"about":[{"href":"https:\/\/hexexist.com\/tr\/wp-json\/wp\/v2\/types\/product"}],"replies":[{"embeddable":true,"href":"https:\/\/hexexist.com\/tr\/wp-json\/wp\/v2\/comments?post=14237"}],"wp:featuredmedia":[{"embeddable":true,"href":"https:\/\/hexexist.com\/tr\/wp-json\/wp\/v2\/media\/12833"}],"wp:attachment":[{"href":"https:\/\/hexexist.com\/tr\/wp-json\/wp\/v2\/media?parent=14237"}],"wp:term":[{"taxonomy":"product_brand","embeddable":true,"href":"https:\/\/hexexist.com\/tr\/wp-json\/wp\/v2\/product_brand?post=14237"},{"taxonomy":"product_cat","embeddable":true,"href":"https:\/\/hexexist.com\/tr\/wp-json\/wp\/v2\/product_cat?post=14237"},{"taxonomy":"product_tag","embeddable":true,"href":"https:\/\/hexexist.com\/tr\/wp-json\/wp\/v2\/product_tag?post=14237"}],"curies":[{"name":"wp","href":"https:\/\/api.w.org\/{rel}","templated":true}]}}