{"id":14238,"date":"2025-10-09T09:49:14","date_gmt":"2025-10-09T09:49:14","guid":{"rendered":"http:\/\/hexexist.com\/product\/wordfence-guvenlik-duvari-kotu-amacli-yazilim-taramasi-ve-oturum-acma-guvenligi\/"},"modified":"2025-10-09T09:49:14","modified_gmt":"2025-10-09T09:49:14","slug":"wordfence-guvenlik-duvari-kotu-amacli-yazilim-taramasi-ve-oturum-acma-guvenligi","status":"publish","type":"product","link":"https:\/\/hexexist.com\/tr\/urun\/wordfence-guvenlik-duvari-kotu-amacli-yazilim-taramasi-ve-oturum-acma-guvenligi\/","title":{"rendered":"Wordfence G\u00fcvenlik Duvar\u0131, K\u00f6t\u00fc Ama\u00e7l\u0131 Yaz\u0131l\u0131m Taramas\u0131 ve Oturum A\u00e7ma G\u00fcvenli\u011fi"},"content":{"rendered":"<p>WordPress g\u00fcvenli\u011fi, en son k\u00f6t\u00fc ama\u00e7l\u0131 yaz\u0131l\u0131m varyantlar\u0131n\u0131 ve WordPress a\u00e7\u0131klar\u0131n\u0131 ara\u015ft\u0131ran, bunlar\u0131 g\u00fcvenlik duvar\u0131 kurallar\u0131na ve k\u00f6t\u00fc ama\u00e7l\u0131 yaz\u0131l\u0131m imzalar\u0131na d\u00f6n\u00fc\u015ft\u00fcren ve bunlar\u0131 m\u00fc\u015fterilere ger\u00e7ek zamanl\u0131 olarak yay\u0131nlayan \u00f6zel bir analist ekibi gerektirir.<\/p>\n","protected":false},"excerpt":{"rendered":"<p>WordPress g\u00fcvenli\u011fi, en son k\u00f6t\u00fc ama\u00e7l\u0131 yaz\u0131l\u0131m varyantlar\u0131n\u0131 ve WordPress a\u00e7\u0131klar\u0131n\u0131 ara\u015ft\u0131ran, bunlar\u0131 g\u00fcvenlik duvar\u0131 kurallar\u0131na ve k\u00f6t\u00fc ama\u00e7l\u0131 yaz\u0131l\u0131m imzalar\u0131na d\u00f6n\u00fc\u015ft\u00fcren ve bunlar\u0131 m\u00fc\u015fterilere ger\u00e7ek zamanl\u0131 olarak yay\u0131nlayan \u00f6zel bir analist ekibi gerektirir.<\/p>\n","protected":false},"featured_media":12843,"comment_status":"open","ping_status":"closed","template":"","meta":[],"product_brand":[],"product_cat":[1413],"product_tag":[1468,1455,1456,1454,2466],"class_list":{"0":"post-14238","1":"product","2":"type-product","3":"status-publish","4":"has-post-thumbnail","6":"product_cat-eklentiler","7":"product_tag-2fa-tr","8":"product_tag-guvenlik","9":"product_tag-guvenlik-duvari","10":"product_tag-kotu-amacli-yazilim","11":"product_tag-tarayici","13":"first","14":"instock","15":"downloadable","16":"virtual","17":"product-type-simple"},"_links":{"self":[{"href":"https:\/\/hexexist.com\/tr\/wp-json\/wp\/v2\/product\/14238","targetHints":{"allow":["GET"]}}],"collection":[{"href":"https:\/\/hexexist.com\/tr\/wp-json\/wp\/v2\/product"}],"about":[{"href":"https:\/\/hexexist.com\/tr\/wp-json\/wp\/v2\/types\/product"}],"replies":[{"embeddable":true,"href":"https:\/\/hexexist.com\/tr\/wp-json\/wp\/v2\/comments?post=14238"}],"wp:featuredmedia":[{"embeddable":true,"href":"https:\/\/hexexist.com\/tr\/wp-json\/wp\/v2\/media\/12843"}],"wp:attachment":[{"href":"https:\/\/hexexist.com\/tr\/wp-json\/wp\/v2\/media?parent=14238"}],"wp:term":[{"taxonomy":"product_brand","embeddable":true,"href":"https:\/\/hexexist.com\/tr\/wp-json\/wp\/v2\/product_brand?post=14238"},{"taxonomy":"product_cat","embeddable":true,"href":"https:\/\/hexexist.com\/tr\/wp-json\/wp\/v2\/product_cat?post=14238"},{"taxonomy":"product_tag","embeddable":true,"href":"https:\/\/hexexist.com\/tr\/wp-json\/wp\/v2\/product_tag?post=14238"}],"curies":[{"name":"wp","href":"https:\/\/api.w.org\/{rel}","templated":true}]}}