{"id":14240,"date":"2025-10-09T09:49:14","date_gmt":"2025-10-09T09:49:14","guid":{"rendered":"http:\/\/hexexist.com\/product\/woocommerce\/"},"modified":"2026-03-04T16:04:23","modified_gmt":"2026-03-04T16:04:23","slug":"woocommerce","status":"publish","type":"product","link":"https:\/\/hexexist.com\/tr\/urun\/woocommerce\/","title":{"rendered":"WooCommerce"},"content":{"rendered":"<p>WooCommerce, WordPress i\u00e7in a\u00e7\u0131k kaynakl\u0131 bir e-ticaret platformudur.<\/p>\n","protected":false},"excerpt":{"rendered":"<p>WooCommerce, WordPress i\u00e7in a\u00e7\u0131k kaynakl\u0131 bir e-ticaret platformudur.<\/p>\n","protected":false},"featured_media":12842,"comment_status":"open","ping_status":"closed","template":"","meta":[],"product_brand":[],"product_cat":[1413],"product_tag":[1770,2663,2202,1504,2020],"class_list":{"0":"post-14240","1":"product","2":"type-product","3":"status-publish","4":"has-post-thumbnail","6":"product_cat-eklentiler","7":"product_tag-alisveris-sepeti","8":"product_tag-cevrimici-satis","9":"product_tag-dukkan","10":"product_tag-e-ticaret","11":"product_tag-online-magaza","13":"first","14":"instock","15":"downloadable","16":"virtual","17":"product-type-simple"},"_links":{"self":[{"href":"https:\/\/hexexist.com\/tr\/wp-json\/wp\/v2\/product\/14240","targetHints":{"allow":["GET"]}}],"collection":[{"href":"https:\/\/hexexist.com\/tr\/wp-json\/wp\/v2\/product"}],"about":[{"href":"https:\/\/hexexist.com\/tr\/wp-json\/wp\/v2\/types\/product"}],"replies":[{"embeddable":true,"href":"https:\/\/hexexist.com\/tr\/wp-json\/wp\/v2\/comments?post=14240"}],"wp:featuredmedia":[{"embeddable":true,"href":"https:\/\/hexexist.com\/tr\/wp-json\/wp\/v2\/media\/12842"}],"wp:attachment":[{"href":"https:\/\/hexexist.com\/tr\/wp-json\/wp\/v2\/media?parent=14240"}],"wp:term":[{"taxonomy":"product_brand","embeddable":true,"href":"https:\/\/hexexist.com\/tr\/wp-json\/wp\/v2\/product_brand?post=14240"},{"taxonomy":"product_cat","embeddable":true,"href":"https:\/\/hexexist.com\/tr\/wp-json\/wp\/v2\/product_cat?post=14240"},{"taxonomy":"product_tag","embeddable":true,"href":"https:\/\/hexexist.com\/tr\/wp-json\/wp\/v2\/product_tag?post=14240"}],"curies":[{"name":"wp","href":"https:\/\/api.w.org\/{rel}","templated":true}]}}