{"id":14241,"date":"2025-10-09T09:49:14","date_gmt":"2025-10-09T09:49:14","guid":{"rendered":"http:\/\/hexexist.com\/product\/yoast-seo-gercek-zamanli-rehberlik-ve-yerlesik-yapay-zeka-ile-gelismis-seo\/"},"modified":"2025-10-09T09:49:14","modified_gmt":"2025-10-09T09:49:14","slug":"yoast-seo-gercek-zamanli-rehberlik-ve-yerlesik-yapay-zeka-ile-gelismis-seo","status":"publish","type":"product","link":"https:\/\/hexexist.com\/tr\/urun\/yoast-seo-gercek-zamanli-rehberlik-ve-yerlesik-yapay-zeka-ile-gelismis-seo\/","title":{"rendered":"Yoast SEO Ger\u00e7ek zamanl\u0131 rehberlik ve yerle\u015fik yapay zeka ile geli\u015fmi\u015f SEO"},"content":{"rendered":"<p>Ger\u00e7ek zamanl\u0131 geri bildirim, \u015fema ve net rehberlik ile SEO&#8217;nuzu geli\u015ftirin. Yapay zeka ara\u00e7lar\u0131, Google Docs entegrasyonu ve 7\/24 destek i\u00e7in y\u00fckseltin, gizli \u00fccret yok. <\/p>\n","protected":false},"excerpt":{"rendered":"<p>Ger\u00e7ek zamanl\u0131 geri bildirim, \u015fema ve net rehberlik ile SEO&#8217;nuzu geli\u015ftirin. Yapay zeka ara\u00e7lar\u0131, Google Docs entegrasyonu ve 7\/24 destek i\u00e7in y\u00fckseltin, gizli \u00fccret yok.<\/p>\n","protected":false},"featured_media":12845,"comment_status":"open","ping_status":"closed","template":"","meta":[],"product_brand":[],"product_cat":[1413],"product_tag":[2664,2665,2171,1583,2242],"class_list":{"0":"post-14241","1":"product","2":"type-product","3":"status-publish","4":"has-post-thumbnail","6":"product_cat-eklentiler","7":"product_tag-icerik-analizi","8":"product_tag-okunabilirlik","9":"product_tag-sema","10":"product_tag-seo-tr","11":"product_tag-xml-site-haritasi","13":"first","14":"instock","15":"downloadable","16":"virtual","17":"product-type-simple"},"_links":{"self":[{"href":"https:\/\/hexexist.com\/tr\/wp-json\/wp\/v2\/product\/14241","targetHints":{"allow":["GET"]}}],"collection":[{"href":"https:\/\/hexexist.com\/tr\/wp-json\/wp\/v2\/product"}],"about":[{"href":"https:\/\/hexexist.com\/tr\/wp-json\/wp\/v2\/types\/product"}],"replies":[{"embeddable":true,"href":"https:\/\/hexexist.com\/tr\/wp-json\/wp\/v2\/comments?post=14241"}],"wp:featuredmedia":[{"embeddable":true,"href":"https:\/\/hexexist.com\/tr\/wp-json\/wp\/v2\/media\/12845"}],"wp:attachment":[{"href":"https:\/\/hexexist.com\/tr\/wp-json\/wp\/v2\/media?parent=14241"}],"wp:term":[{"taxonomy":"product_brand","embeddable":true,"href":"https:\/\/hexexist.com\/tr\/wp-json\/wp\/v2\/product_brand?post=14241"},{"taxonomy":"product_cat","embeddable":true,"href":"https:\/\/hexexist.com\/tr\/wp-json\/wp\/v2\/product_cat?post=14241"},{"taxonomy":"product_tag","embeddable":true,"href":"https:\/\/hexexist.com\/tr\/wp-json\/wp\/v2\/product_tag?post=14241"}],"curies":[{"name":"wp","href":"https:\/\/api.w.org\/{rel}","templated":true}]}}