{"id":14242,"date":"2025-10-09T09:49:14","date_gmt":"2025-10-09T09:49:14","guid":{"rendered":"http:\/\/hexexist.com\/product\/updraftplus-wp-yedekleme-ve-tasima-eklentisi\/"},"modified":"2025-10-09T09:49:14","modified_gmt":"2025-10-09T09:49:14","slug":"updraftplus-wp-yedekleme-ve-tasima-eklentisi","status":"publish","type":"product","link":"https:\/\/hexexist.com\/tr\/urun\/updraftplus-wp-yedekleme-ve-tasima-eklentisi\/","title":{"rendered":"UpdraftPlus: WP Yedekleme ve Ta\u015f\u0131ma Eklentisi"},"content":{"rendered":"<p>UpdraftPlus Yedekleme ve Ta\u015f\u0131ma Eklentisi, WordPress web sitelerini yedeklemek, geri y\u00fcklemek ve ta\u015f\u0131mak i\u00e7in WordPress toplulu\u011fu taraf\u0131ndan g\u00fcvenilmektedir. UpdraftPlus d\u00fcnya \u00e7ap\u0131nda 3 milyondan fazla web sitesinde aktif olarak y\u00fckl\u00fcd\u00fcr. <\/p>\n","protected":false},"excerpt":{"rendered":"<p>UpdraftPlus Yedekleme ve Ta\u015f\u0131ma Eklentisi, WordPress web sitelerini yedeklemek, geri y\u00fcklemek ve ta\u015f\u0131mak i\u00e7in WordPress toplulu\u011fu taraf\u0131ndan g\u00fcvenilmektedir. UpdraftPlus d\u00fcnya \u00e7ap\u0131nda 3 milyondan fazla web sitesinde aktif olarak y\u00fckl\u00fcd\u00fcr.<\/p>\n","protected":false},"featured_media":12841,"comment_status":"open","ping_status":"closed","template":"","meta":[],"product_brand":[],"product_cat":[1413],"product_tag":[1763,1765,1651,2260,1650],"class_list":{"0":"post-14242","1":"product","2":"type-product","3":"status-publish","4":"has-post-thumbnail","6":"product_cat-eklentiler","7":"product_tag-bulut-yedekleme","8":"product_tag-goc","9":"product_tag-veritabani-yedekleme","10":"product_tag-wordpress-yedekleme","11":"product_tag-yedekleme","13":"first","14":"instock","15":"downloadable","16":"virtual","17":"product-type-simple"},"_links":{"self":[{"href":"https:\/\/hexexist.com\/tr\/wp-json\/wp\/v2\/product\/14242","targetHints":{"allow":["GET"]}}],"collection":[{"href":"https:\/\/hexexist.com\/tr\/wp-json\/wp\/v2\/product"}],"about":[{"href":"https:\/\/hexexist.com\/tr\/wp-json\/wp\/v2\/types\/product"}],"replies":[{"embeddable":true,"href":"https:\/\/hexexist.com\/tr\/wp-json\/wp\/v2\/comments?post=14242"}],"wp:featuredmedia":[{"embeddable":true,"href":"https:\/\/hexexist.com\/tr\/wp-json\/wp\/v2\/media\/12841"}],"wp:attachment":[{"href":"https:\/\/hexexist.com\/tr\/wp-json\/wp\/v2\/media?parent=14242"}],"wp:term":[{"taxonomy":"product_brand","embeddable":true,"href":"https:\/\/hexexist.com\/tr\/wp-json\/wp\/v2\/product_brand?post=14242"},{"taxonomy":"product_cat","embeddable":true,"href":"https:\/\/hexexist.com\/tr\/wp-json\/wp\/v2\/product_cat?post=14242"},{"taxonomy":"product_tag","embeddable":true,"href":"https:\/\/hexexist.com\/tr\/wp-json\/wp\/v2\/product_tag?post=14242"}],"curies":[{"name":"wp","href":"https:\/\/api.w.org\/{rel}","templated":true}]}}