{"id":14243,"date":"2025-10-09T09:49:14","date_gmt":"2025-10-09T09:49:14","guid":{"rendered":"http:\/\/hexexist.com\/product\/seo-siralamalarina-hakim-olmak-icin-rank-math-seo-ai-seo-araclari\/"},"modified":"2025-10-09T09:49:14","modified_gmt":"2025-10-09T09:49:14","slug":"seo-siralamalarina-hakim-olmak-icin-rank-math-seo-ai-seo-araclari","status":"publish","type":"product","link":"https:\/\/hexexist.com\/tr\/urun\/seo-siralamalarina-hakim-olmak-icin-rank-math-seo-ai-seo-araclari\/","title":{"rendered":"SEO S\u0131ralamalar\u0131na Hakim Olmak i\u00e7in Rank Math SEO AI SEO Ara\u00e7lar\u0131"},"content":{"rendered":"<p>Ayr\u0131nt\u0131lar<\/p>\n<p>Yorumlar<\/p>\n<p>Kurulum<\/p>\n<p>Geli\u015ftirme<br \/>\nDestek<br \/>\nA\u00e7\u0131klama<br \/>\nRank Math SEO WordPress i\u00e7in En \u0130yi SEO Eklentisi<br \/>\nAI (Yapay Zeka) kullanan 1. WordPress SEO Eklentisi ??<br \/>\n?????<\/p>\n<p>SEO, herhangi bir web sitesi i\u00e7in en tutarl\u0131 trafik kayna\u011f\u0131d\u0131r. Her web sitesi sahibinin SEO&#8217;lar\u0131n\u0131 geli\u015ftirmek ve web sitelerine daha fazla trafik \u00e7ekmek i\u00e7in ihtiya\u00e7 duyduklar\u0131 SEO ara\u00e7lar\u0131na eri\u015fmelerine yard\u0131mc\u0131 olmak i\u00e7in ChatGPT&#8217;den daha iyi AI SEO \u00f6zelliklerine sahip bir WordPress SEO eklentisi olan Rank Math&#8217;\u0131 olu\u015fturduk. <\/p>\n<p>Rank Math&#8217;in \u00dcCRETS\u0130Z Demosunu Deneyin<\/p>\n<p>\u00d6zellikler | Neden Rank Math&#8217;\u0131 Se\u00e7melisiniz? | Kar\u015f\u0131la\u015ft\u0131rma | Ekran G\u00f6r\u00fcnt\u00fcleri | Avantajlar <\/p>\n<p>SEO, bir web sitesi i\u00e7in en iyi ve en tutarl\u0131 trafik kayna\u011f\u0131 olabilir, ancak tuhafl\u0131klar\u0131 da yok de\u011fil. G\u00f6nderilerinizi SEO i\u00e7in s\u00fcrekli optimize etme s\u00fcreci bazen i\u00e7eri\u011fi ger\u00e7ekten yazmaktan daha fazla zaman alabilir. Web siteniz i\u00e7in SEO konusunda her zaman daha fazlas\u0131n\u0131 yapabilece\u011finizi d\u00fc\u015f\u00fcn\u00fcyor ancak zaman\u0131n\u0131z yoksa, Rank Math SEO arad\u0131\u011f\u0131n\u0131z \u015feydir.<\/p>\n<p>Bir dizi ak\u0131ll\u0131 \u00f6zellik, daha \u00f6nce ula\u015famayaca\u011f\u0131n\u0131z en iyi SEO yeteneklerini elinize getiriyor. Ak\u0131ll\u0131 otomasyon \u00f6zellikleri size sadece birka\u00e7 t\u0131klama ile b\u00fct\u00fcn bir SEO ekibinin g\u00fcc\u00fcn\u00fc verir. \u0130yi d\u00fc\u015f\u00fcn\u00fclm\u00fc\u015f bir tasar\u0131m, g\u00fc\u00e7l\u00fc \u00f6zellikler ve y\u0131llarca s\u00fcren geli\u015ftirme \u00e7al\u0131\u015fmalar\u0131 Rank Math&#8217;\u0131, trafi\u011fi art\u0131rmaya yard\u0131mc\u0131 olmak i\u00e7in SEO oyun alan\u0131n\u0131 sizin lehinize d\u00fczle\u015ftirecek oyunun kurallar\u0131n\u0131 de\u011fi\u015ftiren bir SEO eklentisi haline getiriyor.  <\/p>\n","protected":false},"excerpt":{"rendered":"<p>Ayr\u0131nt\u0131lar Yorumlar Kurulum Geli\u015ftirme Destek A\u00e7\u0131klama Rank Math SEO WordPress i\u00e7in En \u0130yi SEO Eklentisi AI (Yapay Zeka) kullanan 1. WordPress SEO Eklentisi ?? ????? SEO, herhangi bir web sitesi i\u00e7in en tutarl\u0131 trafik kayna\u011f\u0131d\u0131r. Her web sitesi sahibinin SEO&#8217;lar\u0131n\u0131 geli\u015ftirmek ve web sitelerine daha fazla trafik \u00e7ekmek i\u00e7in ihtiya\u00e7 duyduklar\u0131 SEO ara\u00e7lar\u0131na eri\u015fmelerine yard\u0131mc\u0131 [&hellip;]<\/p>\n","protected":false},"featured_media":12840,"comment_status":"open","ping_status":"closed","template":"","meta":[],"product_brand":[],"product_cat":[1413],"product_tag":[2240,2171,1583,2244,2038],"class_list":{"0":"post-14243","1":"product","2":"type-product","3":"status-publish","4":"has-post-thumbnail","6":"product_cat-eklentiler","7":"product_tag-google-arama-konsolu","8":"product_tag-sema","9":"product_tag-seo-tr","10":"product_tag-wordpress-seo-tr","11":"product_tag-yonlendirme","13":"first","14":"instock","15":"downloadable","16":"virtual","17":"product-type-simple"},"_links":{"self":[{"href":"https:\/\/hexexist.com\/tr\/wp-json\/wp\/v2\/product\/14243","targetHints":{"allow":["GET"]}}],"collection":[{"href":"https:\/\/hexexist.com\/tr\/wp-json\/wp\/v2\/product"}],"about":[{"href":"https:\/\/hexexist.com\/tr\/wp-json\/wp\/v2\/types\/product"}],"replies":[{"embeddable":true,"href":"https:\/\/hexexist.com\/tr\/wp-json\/wp\/v2\/comments?post=14243"}],"wp:featuredmedia":[{"embeddable":true,"href":"https:\/\/hexexist.com\/tr\/wp-json\/wp\/v2\/media\/12840"}],"wp:attachment":[{"href":"https:\/\/hexexist.com\/tr\/wp-json\/wp\/v2\/media?parent=14243"}],"wp:term":[{"taxonomy":"product_brand","embeddable":true,"href":"https:\/\/hexexist.com\/tr\/wp-json\/wp\/v2\/product_brand?post=14243"},{"taxonomy":"product_cat","embeddable":true,"href":"https:\/\/hexexist.com\/tr\/wp-json\/wp\/v2\/product_cat?post=14243"},{"taxonomy":"product_tag","embeddable":true,"href":"https:\/\/hexexist.com\/tr\/wp-json\/wp\/v2\/product_tag?post=14243"}],"curies":[{"name":"wp","href":"https:\/\/api.w.org\/{rel}","templated":true}]}}