{"id":14244,"date":"2025-10-09T09:49:15","date_gmt":"2025-10-09T09:49:15","guid":{"rendered":"http:\/\/hexexist.com\/product\/duplicator-backups-migration-plugin-bulut-yedeklemeleri-zamanlanmis-yedeklemeler-ve-daha-fazlasi\/"},"modified":"2025-10-09T09:49:15","modified_gmt":"2025-10-09T09:49:15","slug":"duplicator-backups-migration-plugin-bulut-yedeklemeleri-zamanlanmis-yedeklemeler-ve-daha-fazlasi","status":"publish","type":"product","link":"https:\/\/hexexist.com\/tr\/urun\/duplicator-backups-migration-plugin-bulut-yedeklemeleri-zamanlanmis-yedeklemeler-ve-daha-fazlasi\/","title":{"rendered":"Duplicator Backups &amp; Migration Plugin Bulut Yedeklemeleri, Zamanlanm\u0131\u015f Yedeklemeler ve Daha Fazlas\u0131"},"content":{"rendered":"<p>Duplicator, WordPress sitelerini ta\u015f\u0131mak, g\u00fcvenilir yedekler olu\u015fturmak veya bir siteyi sahneleme i\u00e7in klonlamak i\u00e7in basit bir yol sa\u011flar. Duplicator ile WordPress sitenizi alan adlar\u0131 veya ana bilgisayarlar aras\u0131nda kesinti olmadan kolayca ta\u015f\u0131yabilir, aktarabilir veya klonlayabilirsiniz. Web sitenizin tam yedeklerini olu\u015fturun veya sitenizin tamam\u0131n\u0131 yaln\u0131zca birka\u00e7 ad\u0131mda ba\u015fka bir yere indirmek ve y\u00fcklemek i\u00e7in paketleyin.  <\/p>\n","protected":false},"excerpt":{"rendered":"<p>Duplicator, WordPress sitelerini ta\u015f\u0131mak, g\u00fcvenilir yedekler olu\u015fturmak veya bir siteyi sahneleme i\u00e7in klonlamak i\u00e7in basit bir yol sa\u011flar. Duplicator ile WordPress sitenizi alan adlar\u0131 veya ana bilgisayarlar aras\u0131nda kesinti olmadan kolayca ta\u015f\u0131yabilir, aktarabilir veya klonlayabilirsiniz. Web sitenizin tam yedeklerini olu\u015fturun veya sitenizin tamam\u0131n\u0131 yaln\u0131zca birka\u00e7 ad\u0131mda ba\u015fka bir yere indirmek ve y\u00fcklemek i\u00e7in paketleyin.<\/p>\n","protected":false},"featured_media":12853,"comment_status":"open","ping_status":"closed","template":"","meta":[],"product_brand":[],"product_cat":[1413],"product_tag":[1763,1765,1651,2260,1650],"class_list":{"0":"post-14244","1":"product","2":"type-product","3":"status-publish","4":"has-post-thumbnail","6":"product_cat-eklentiler","7":"product_tag-bulut-yedekleme","8":"product_tag-goc","9":"product_tag-veritabani-yedekleme","10":"product_tag-wordpress-yedekleme","11":"product_tag-yedekleme","13":"first","14":"instock","15":"downloadable","16":"virtual","17":"product-type-simple"},"_links":{"self":[{"href":"https:\/\/hexexist.com\/tr\/wp-json\/wp\/v2\/product\/14244","targetHints":{"allow":["GET"]}}],"collection":[{"href":"https:\/\/hexexist.com\/tr\/wp-json\/wp\/v2\/product"}],"about":[{"href":"https:\/\/hexexist.com\/tr\/wp-json\/wp\/v2\/types\/product"}],"replies":[{"embeddable":true,"href":"https:\/\/hexexist.com\/tr\/wp-json\/wp\/v2\/comments?post=14244"}],"wp:featuredmedia":[{"embeddable":true,"href":"https:\/\/hexexist.com\/tr\/wp-json\/wp\/v2\/media\/12853"}],"wp:attachment":[{"href":"https:\/\/hexexist.com\/tr\/wp-json\/wp\/v2\/media?parent=14244"}],"wp:term":[{"taxonomy":"product_brand","embeddable":true,"href":"https:\/\/hexexist.com\/tr\/wp-json\/wp\/v2\/product_brand?post=14244"},{"taxonomy":"product_cat","embeddable":true,"href":"https:\/\/hexexist.com\/tr\/wp-json\/wp\/v2\/product_cat?post=14244"},{"taxonomy":"product_tag","embeddable":true,"href":"https:\/\/hexexist.com\/tr\/wp-json\/wp\/v2\/product_tag?post=14244"}],"curies":[{"name":"wp","href":"https:\/\/api.w.org\/{rel}","templated":true}]}}