{"id":14245,"date":"2025-10-09T09:49:15","date_gmt":"2025-10-09T09:49:15","guid":{"rendered":"http:\/\/hexexist.com\/product\/gelismis-ozel-alanlar-acf\/"},"modified":"2025-10-09T09:49:15","modified_gmt":"2025-10-09T09:49:15","slug":"gelismis-ozel-alanlar-acf","status":"publish","type":"product","link":"https:\/\/hexexist.com\/tr\/urun\/gelismis-ozel-alanlar-acf\/","title":{"rendered":"Geli\u015fmi\u015f \u00d6zel Alanlar (ACF\u00ae)"},"content":{"rendered":"<p>Advanced Custom Fields (ACF\u00ae), verilerinizle daha fazlas\u0131n\u0131 yapabilmeniz i\u00e7in size t\u00fcm ara\u00e7lar\u0131 sa\u011flayarak WordPress sitelerini tam te\u015fekk\u00fcll\u00fc bir i\u00e7erik y\u00f6netim sistemine d\u00f6n\u00fc\u015ft\u00fcr\u00fcr.<\/p>\n","protected":false},"excerpt":{"rendered":"<p>Advanced Custom Fields (ACF\u00ae), verilerinizle daha fazlas\u0131n\u0131 yapabilmeniz i\u00e7in size t\u00fcm ara\u00e7lar\u0131 sa\u011flayarak WordPress sitelerini tam te\u015fekk\u00fcll\u00fc bir i\u00e7erik y\u00f6netim sistemine d\u00f6n\u00fc\u015ft\u00fcr\u00fcr.<\/p>\n","protected":false},"featured_media":12848,"comment_status":"open","ping_status":"closed","template":"","meta":[],"product_brand":[],"product_cat":[1413],"product_tag":[1970,1993,1585,1727,2666],"class_list":{"0":"post-14245","1":"product","2":"type-product","3":"status-publish","4":"has-post-thumbnail","6":"product_cat-eklentiler","7":"product_tag-acf-tr","8":"product_tag-alanlar","9":"product_tag-meta-tr","10":"product_tag-ozel-alanlar","11":"product_tag-tekrarlayici","13":"first","14":"instock","15":"downloadable","16":"virtual","17":"product-type-simple"},"_links":{"self":[{"href":"https:\/\/hexexist.com\/tr\/wp-json\/wp\/v2\/product\/14245","targetHints":{"allow":["GET"]}}],"collection":[{"href":"https:\/\/hexexist.com\/tr\/wp-json\/wp\/v2\/product"}],"about":[{"href":"https:\/\/hexexist.com\/tr\/wp-json\/wp\/v2\/types\/product"}],"replies":[{"embeddable":true,"href":"https:\/\/hexexist.com\/tr\/wp-json\/wp\/v2\/comments?post=14245"}],"wp:featuredmedia":[{"embeddable":true,"href":"https:\/\/hexexist.com\/tr\/wp-json\/wp\/v2\/media\/12848"}],"wp:attachment":[{"href":"https:\/\/hexexist.com\/tr\/wp-json\/wp\/v2\/media?parent=14245"}],"wp:term":[{"taxonomy":"product_brand","embeddable":true,"href":"https:\/\/hexexist.com\/tr\/wp-json\/wp\/v2\/product_brand?post=14245"},{"taxonomy":"product_cat","embeddable":true,"href":"https:\/\/hexexist.com\/tr\/wp-json\/wp\/v2\/product_cat?post=14245"},{"taxonomy":"product_tag","embeddable":true,"href":"https:\/\/hexexist.com\/tr\/wp-json\/wp\/v2\/product_tag?post=14245"}],"curies":[{"name":"wp","href":"https:\/\/api.w.org\/{rel}","templated":true}]}}