{"id":14246,"date":"2025-10-09T09:49:15","date_gmt":"2025-10-09T09:49:15","guid":{"rendered":"http:\/\/hexexist.com\/product\/yorumlari-devre-disi-birak-yorumlari-kaldir-spami-durdur-coklu-site-destegi\/"},"modified":"2025-10-09T09:49:15","modified_gmt":"2025-10-09T09:49:15","slug":"yorumlari-devre-disi-birak-yorumlari-kaldir-spami-durdur-coklu-site-destegi","status":"publish","type":"product","link":"https:\/\/hexexist.com\/tr\/urun\/yorumlari-devre-disi-birak-yorumlari-kaldir-spami-durdur-coklu-site-destegi\/","title":{"rendered":"Yorumlar\u0131 Devre D\u0131\u015f\u0131 B\u0131rak Yorumlar\u0131 Kald\u0131r &amp; Spam&#8217;i Durdur \u00c7oklu Site Deste\u011fi]"},"content":{"rendered":"<p>Spam g\u00f6ndericileri durdurmak i\u00e7in herhangi bir WordPress i\u00e7eri\u011findeki (Sayfalar, Yaz\u0131lar veya Medya) yorumlar\u0131 etkinle\u015ftirin \/ devre d\u0131\u015f\u0131 b\u0131rak\u0131n. Spam yorumlar\u0131 durdurmak i\u00e7in WP-CLI, XML-RPC ve REST-API deste\u011fi. <\/p>\n","protected":false},"excerpt":{"rendered":"<p>Spam g\u00f6ndericileri durdurmak i\u00e7in herhangi bir WordPress i\u00e7eri\u011findeki (Sayfalar, Yaz\u0131lar veya Medya) yorumlar\u0131 etkinle\u015ftirin \/ devre d\u0131\u015f\u0131 b\u0131rak\u0131n. Spam yorumlar\u0131 durdurmak i\u00e7in WP-CLI, XML-RPC ve REST-API deste\u011fi.<\/p>\n","protected":false},"featured_media":12852,"comment_status":"open","ping_status":"closed","template":"","meta":[],"product_brand":[],"product_cat":[1413],"product_tag":[2548,2669,1953,2668,2667],"class_list":{"0":"post-14246","1":"product","2":"type-product","3":"status-publish","4":"has-post-thumbnail","6":"product_cat-eklentiler","7":"product_tag-spam-korumasi","8":"product_tag-spami-durdur","9":"product_tag-yorumlari-devre-disi-birak","10":"product_tag-yorumlari-kaldir","11":"product_tag-yorumlari-sil","13":"first","14":"instock","15":"downloadable","16":"virtual","17":"product-type-simple"},"_links":{"self":[{"href":"https:\/\/hexexist.com\/tr\/wp-json\/wp\/v2\/product\/14246","targetHints":{"allow":["GET"]}}],"collection":[{"href":"https:\/\/hexexist.com\/tr\/wp-json\/wp\/v2\/product"}],"about":[{"href":"https:\/\/hexexist.com\/tr\/wp-json\/wp\/v2\/types\/product"}],"replies":[{"embeddable":true,"href":"https:\/\/hexexist.com\/tr\/wp-json\/wp\/v2\/comments?post=14246"}],"wp:featuredmedia":[{"embeddable":true,"href":"https:\/\/hexexist.com\/tr\/wp-json\/wp\/v2\/media\/12852"}],"wp:attachment":[{"href":"https:\/\/hexexist.com\/tr\/wp-json\/wp\/v2\/media?parent=14246"}],"wp:term":[{"taxonomy":"product_brand","embeddable":true,"href":"https:\/\/hexexist.com\/tr\/wp-json\/wp\/v2\/product_brand?post=14246"},{"taxonomy":"product_cat","embeddable":true,"href":"https:\/\/hexexist.com\/tr\/wp-json\/wp\/v2\/product_cat?post=14246"},{"taxonomy":"product_tag","embeddable":true,"href":"https:\/\/hexexist.com\/tr\/wp-json\/wp\/v2\/product_tag?post=14246"}],"curies":[{"name":"wp","href":"https:\/\/api.w.org\/{rel}","templated":true}]}}