{"id":14247,"date":"2025-10-09T09:49:15","date_gmt":"2025-10-09T09:49:15","guid":{"rendered":"http:\/\/hexexist.com\/product\/wpforms-wordpress-iletisim-formlari-odeme-formlari-anketler-ve-daha-fazlasi-icin-kolay-form-olusturucu\/"},"modified":"2025-10-09T09:49:15","modified_gmt":"2025-10-09T09:49:15","slug":"wpforms-wordpress-iletisim-formlari-odeme-formlari-anketler-ve-daha-fazlasi-icin-kolay-form-olusturucu","status":"publish","type":"product","link":"https:\/\/hexexist.com\/tr\/urun\/wpforms-wordpress-iletisim-formlari-odeme-formlari-anketler-ve-daha-fazlasi-icin-kolay-form-olusturucu\/","title":{"rendered":"WPForms WordPress \u0130leti\u015fim Formlar\u0131, \u00d6deme Formlar\u0131, Anketler ve Daha Fazlas\u0131 i\u00e7in Kolay Form Olu\u015fturucu"},"content":{"rendered":"<p>WPForms, KOLAY ve G\u00dc\u00c7L\u00dc bir s\u00fcr\u00fckle ve b\u0131rak WordPress form olu\u015fturucusudur. Siteniz i\u00e7in ileti\u015fim formlar\u0131, geri bildirim formlar\u0131, abonelik formlar\u0131, \u00f6deme formlar\u0131 (Stripe, Square ve PayPal dahil) ve di\u011fer form t\u00fcrlerini sadece birka\u00e7 t\u0131klama ile dakikalar i\u00e7inde olu\u015fturun! <\/p>\n","protected":false},"excerpt":{"rendered":"<p>WPForms, KOLAY ve G\u00dc\u00c7L\u00dc bir s\u00fcr\u00fckle ve b\u0131rak WordPress form olu\u015fturucusudur. Siteniz i\u00e7in ileti\u015fim formlar\u0131, geri bildirim formlar\u0131, abonelik formlar\u0131, \u00f6deme formlar\u0131 (Stripe, Square ve PayPal dahil) ve di\u011fer form t\u00fcrlerini sadece birka\u00e7 t\u0131klama ile dakikalar i\u00e7inde olu\u015fturun!<\/p>\n","protected":false},"featured_media":12847,"comment_status":"open","ping_status":"closed","template":"","meta":[],"product_brand":[],"product_cat":[1413],"product_tag":[1527,1528,1524,2670,1843],"class_list":{"0":"post-14247","1":"product","2":"type-product","3":"status-publish","4":"has-post-thumbnail","6":"product_cat-eklentiler","7":"product_tag-form-olusturucu","8":"product_tag-formlar","9":"product_tag-iletisim-formu","10":"product_tag-iletisim-formu-eklentisi","11":"product_tag-ozel-form","13":"first","14":"instock","15":"downloadable","16":"virtual","17":"product-type-simple"},"_links":{"self":[{"href":"https:\/\/hexexist.com\/tr\/wp-json\/wp\/v2\/product\/14247","targetHints":{"allow":["GET"]}}],"collection":[{"href":"https:\/\/hexexist.com\/tr\/wp-json\/wp\/v2\/product"}],"about":[{"href":"https:\/\/hexexist.com\/tr\/wp-json\/wp\/v2\/types\/product"}],"replies":[{"embeddable":true,"href":"https:\/\/hexexist.com\/tr\/wp-json\/wp\/v2\/comments?post=14247"}],"wp:featuredmedia":[{"embeddable":true,"href":"https:\/\/hexexist.com\/tr\/wp-json\/wp\/v2\/media\/12847"}],"wp:attachment":[{"href":"https:\/\/hexexist.com\/tr\/wp-json\/wp\/v2\/media?parent=14247"}],"wp:term":[{"taxonomy":"product_brand","embeddable":true,"href":"https:\/\/hexexist.com\/tr\/wp-json\/wp\/v2\/product_brand?post=14247"},{"taxonomy":"product_cat","embeddable":true,"href":"https:\/\/hexexist.com\/tr\/wp-json\/wp\/v2\/product_cat?post=14247"},{"taxonomy":"product_tag","embeddable":true,"href":"https:\/\/hexexist.com\/tr\/wp-json\/wp\/v2\/product_tag?post=14247"}],"curies":[{"name":"wp","href":"https:\/\/api.w.org\/{rel}","templated":true}]}}