{"id":14248,"date":"2025-10-09T09:49:15","date_gmt":"2025-10-09T09:49:15","guid":{"rendered":"http:\/\/hexexist.com\/product\/cerez-onayi-icin-cookieyes-cerez-banneri-kurulumu-kolay-gdpr-ccpa-uyumlu-cerez-bildirimi\/"},"modified":"2025-10-09T09:49:15","modified_gmt":"2025-10-09T09:49:15","slug":"cerez-onayi-icin-cookieyes-cerez-banneri-kurulumu-kolay-gdpr-ccpa-uyumlu-cerez-bildirimi","status":"publish","type":"product","link":"https:\/\/hexexist.com\/tr\/urun\/cerez-onayi-icin-cookieyes-cerez-banneri-kurulumu-kolay-gdpr-ccpa-uyumlu-cerez-bildirimi\/","title":{"rendered":"\u00c7erez Onay\u0131 i\u00e7in CookieYes \u00c7erez Banner&#8217;\u0131 (Kurulumu kolay GDPR\/CCPA Uyumlu \u00c7erez Bildirimi)"},"content":{"rendered":"<p>CookieYes, \u00e7erez izni ve gizlilik uyumlulu\u011fu i\u00e7in \u00f6nde gelen WordPress eklentisidir. GDPR (DSGVO), CCPA\/CPRA, ePrivacy, UK GDPR &amp; PECR, LGPD (Brezilya), PIPEDA (Kanada), POPIA (G\u00fcney Afrika) ve di\u011fer k\u00fcresel yasalar\u0131 destekler. <\/p>\n","protected":false},"excerpt":{"rendered":"<p>CookieYes, \u00e7erez izni ve gizlilik uyumlulu\u011fu i\u00e7in \u00f6nde gelen WordPress eklentisidir. GDPR (DSGVO), CCPA\/CPRA, ePrivacy, UK GDPR &amp; PECR, LGPD (Brezilya), PIPEDA (Kanada), POPIA (G\u00fcney Afrika) ve di\u011fer k\u00fcresel yasalar\u0131 destekler.<\/p>\n","protected":false},"featured_media":12851,"comment_status":"open","ping_status":"closed","template":"","meta":[],"product_brand":[],"product_cat":[1413],"product_tag":[1644,1643,1462,1460,2049],"class_list":{"0":"post-14248","1":"product","2":"type-product","3":"status-publish","4":"has-post-thumbnail","6":"product_cat-eklentiler","7":"product_tag-cerez-bildirimi","8":"product_tag-cerez-onayi","9":"product_tag-gdpr-tr","10":"product_tag-kurabiye","11":"product_tag-kurabiye-afisi","13":"first","14":"instock","15":"downloadable","16":"virtual","17":"product-type-simple"},"_links":{"self":[{"href":"https:\/\/hexexist.com\/tr\/wp-json\/wp\/v2\/product\/14248","targetHints":{"allow":["GET"]}}],"collection":[{"href":"https:\/\/hexexist.com\/tr\/wp-json\/wp\/v2\/product"}],"about":[{"href":"https:\/\/hexexist.com\/tr\/wp-json\/wp\/v2\/types\/product"}],"replies":[{"embeddable":true,"href":"https:\/\/hexexist.com\/tr\/wp-json\/wp\/v2\/comments?post=14248"}],"wp:featuredmedia":[{"embeddable":true,"href":"https:\/\/hexexist.com\/tr\/wp-json\/wp\/v2\/media\/12851"}],"wp:attachment":[{"href":"https:\/\/hexexist.com\/tr\/wp-json\/wp\/v2\/media?parent=14248"}],"wp:term":[{"taxonomy":"product_brand","embeddable":true,"href":"https:\/\/hexexist.com\/tr\/wp-json\/wp\/v2\/product_brand?post=14248"},{"taxonomy":"product_cat","embeddable":true,"href":"https:\/\/hexexist.com\/tr\/wp-json\/wp\/v2\/product_cat?post=14248"},{"taxonomy":"product_tag","embeddable":true,"href":"https:\/\/hexexist.com\/tr\/wp-json\/wp\/v2\/product_tag?post=14248"}],"curies":[{"name":"wp","href":"https:\/\/api.w.org\/{rel}","templated":true}]}}