{"id":14249,"date":"2025-10-09T09:49:16","date_gmt":"2025-10-09T09:49:16","guid":{"rendered":"http:\/\/hexexist.com\/product\/elementor-icin-ultimate-eklentileri-eski-elementor-ustbilgi-ve-altbilgi-olusturucu\/"},"modified":"2025-10-09T09:49:16","modified_gmt":"2025-10-09T09:49:16","slug":"elementor-icin-ultimate-eklentileri-eski-elementor-ustbilgi-ve-altbilgi-olusturucu","status":"publish","type":"product","link":"https:\/\/hexexist.com\/tr\/urun\/elementor-icin-ultimate-eklentileri-eski-elementor-ustbilgi-ve-altbilgi-olusturucu\/","title":{"rendered":"Elementor i\u00e7in Ultimate Eklentileri (Eski Elementor \u00dcstbilgi ve Altbilgi Olu\u015fturucu)"},"content":{"rendered":"<p>Ultimate Addons for Elementor (UAE), Elementor&#8217;un yeteneklerini, karma\u015f\u0131kl\u0131k eklemeden daha iyi web siteleri olu\u015fturman\u0131za yard\u0131mc\u0131 olan \u00f6zel olarak olu\u015fturulmu\u015f widget&#8217;lar, bloklar ve \u00f6zelliklerle geni\u015fleten g\u00fc\u00e7l\u00fc ancak hafif bir eklentidir.<\/p>\n","protected":false},"excerpt":{"rendered":"<p>Ultimate Addons for Elementor (UAE), Elementor&#8217;un yeteneklerini, karma\u015f\u0131kl\u0131k eklemeden daha iyi web siteleri olu\u015fturman\u0131za yard\u0131mc\u0131 olan \u00f6zel olarak olu\u015fturulmu\u015f widget&#8217;lar, bloklar ve \u00f6zelliklerle geni\u015fleten g\u00fc\u00e7l\u00fc ancak hafif bir eklentidir.<\/p>\n","protected":false},"featured_media":12857,"comment_status":"open","ping_status":"closed","template":"","meta":[],"product_brand":[],"product_cat":[1413],"product_tag":[1532,1744,2271,1975,2564],"class_list":{"0":"post-14249","1":"product","2":"type-product","3":"status-publish","4":"has-post-thumbnail","6":"product_cat-eklentiler","7":"product_tag-elementor-tr","8":"product_tag-elementor-eklentisi","9":"product_tag-elementor-sablonu","10":"product_tag-elementor-widgeti","11":"product_tag-ustbilgi-altbilgi-olusturucu","13":"first","14":"instock","15":"downloadable","16":"virtual","17":"product-type-simple"},"_links":{"self":[{"href":"https:\/\/hexexist.com\/tr\/wp-json\/wp\/v2\/product\/14249","targetHints":{"allow":["GET"]}}],"collection":[{"href":"https:\/\/hexexist.com\/tr\/wp-json\/wp\/v2\/product"}],"about":[{"href":"https:\/\/hexexist.com\/tr\/wp-json\/wp\/v2\/types\/product"}],"replies":[{"embeddable":true,"href":"https:\/\/hexexist.com\/tr\/wp-json\/wp\/v2\/comments?post=14249"}],"wp:featuredmedia":[{"embeddable":true,"href":"https:\/\/hexexist.com\/tr\/wp-json\/wp\/v2\/media\/12857"}],"wp:attachment":[{"href":"https:\/\/hexexist.com\/tr\/wp-json\/wp\/v2\/media?parent=14249"}],"wp:term":[{"taxonomy":"product_brand","embeddable":true,"href":"https:\/\/hexexist.com\/tr\/wp-json\/wp\/v2\/product_brand?post=14249"},{"taxonomy":"product_cat","embeddable":true,"href":"https:\/\/hexexist.com\/tr\/wp-json\/wp\/v2\/product_cat?post=14249"},{"taxonomy":"product_tag","embeddable":true,"href":"https:\/\/hexexist.com\/tr\/wp-json\/wp\/v2\/product_tag?post=14249"}],"curies":[{"name":"wp","href":"https:\/\/api.w.org\/{rel}","templated":true}]}}