{"id":14250,"date":"2025-10-09T09:49:15","date_gmt":"2025-10-09T09:49:15","guid":{"rendered":"http:\/\/hexexist.com\/product\/klasik-widgetlar\/"},"modified":"2025-10-09T09:49:15","modified_gmt":"2025-10-09T09:49:15","slug":"klasik-widgetlar","status":"publish","type":"product","link":"https:\/\/hexexist.com\/tr\/urun\/klasik-widgetlar\/","title":{"rendered":"Klasik Widget&#8217;lar"},"content":{"rendered":"<p>Klasik Widget&#8217;lar, WordPress ekibi taraf\u0131ndan s\u00fcrd\u00fcr\u00fclen ve \u00f6nceki (&#8220;klasik&#8221;) WordPress widget ayarlar\u0131 ekranlar\u0131n\u0131 geri y\u00fckleyen resmi bir eklentidir. Desteklenecek ve 2024 y\u0131l\u0131na kadar veya gerekli oldu\u011fu s\u00fcrece s\u00fcrd\u00fcr\u00fclecektir.<\/p>\n","protected":false},"excerpt":{"rendered":"<p>Klasik Widget&#8217;lar, WordPress ekibi taraf\u0131ndan s\u00fcrd\u00fcr\u00fclen ve \u00f6nceki (&#8220;klasik&#8221;) WordPress widget ayarlar\u0131 ekranlar\u0131n\u0131 geri y\u00fckleyen resmi bir eklentidir. Desteklenecek ve 2024 y\u0131l\u0131na kadar veya gerekli oldu\u011fu s\u00fcrece s\u00fcrd\u00fcr\u00fclecektir.<\/p>\n","protected":false},"featured_media":12850,"comment_status":"open","ping_status":"closed","template":"","meta":[],"product_brand":[],"product_cat":[1413],"product_tag":[1812,1771,1526,2671,2197],"class_list":{"0":"post-14250","1":"product","2":"type-product","3":"status-publish","4":"has-post-thumbnail","6":"product_cat-eklentiler","7":"product_tag-disable-tr","8":"product_tag-editor-tr","9":"product_tag-gutenberg-tr","10":"product_tag-gutenbergi-devre-disi-birak","11":"product_tag-klasik-widgetlar","13":"first","14":"instock","15":"downloadable","16":"virtual","17":"product-type-simple"},"_links":{"self":[{"href":"https:\/\/hexexist.com\/tr\/wp-json\/wp\/v2\/product\/14250","targetHints":{"allow":["GET"]}}],"collection":[{"href":"https:\/\/hexexist.com\/tr\/wp-json\/wp\/v2\/product"}],"about":[{"href":"https:\/\/hexexist.com\/tr\/wp-json\/wp\/v2\/types\/product"}],"replies":[{"embeddable":true,"href":"https:\/\/hexexist.com\/tr\/wp-json\/wp\/v2\/comments?post=14250"}],"wp:featuredmedia":[{"embeddable":true,"href":"https:\/\/hexexist.com\/tr\/wp-json\/wp\/v2\/media\/12850"}],"wp:attachment":[{"href":"https:\/\/hexexist.com\/tr\/wp-json\/wp\/v2\/media?parent=14250"}],"wp:term":[{"taxonomy":"product_brand","embeddable":true,"href":"https:\/\/hexexist.com\/tr\/wp-json\/wp\/v2\/product_brand?post=14250"},{"taxonomy":"product_cat","embeddable":true,"href":"https:\/\/hexexist.com\/tr\/wp-json\/wp\/v2\/product_cat?post=14250"},{"taxonomy":"product_tag","embeddable":true,"href":"https:\/\/hexexist.com\/tr\/wp-json\/wp\/v2\/product_tag?post=14250"}],"curies":[{"name":"wp","href":"https:\/\/api.w.org\/{rel}","templated":true}]}}