{"id":14251,"date":"2025-10-09T09:49:16","date_gmt":"2025-10-09T09:49:16","guid":{"rendered":"http:\/\/hexexist.com\/product\/monsterinsights-wordpress-icin-google-analytics-gosterge-tablosu-web-sitesi-istatistikleri-kolaylasti\/"},"modified":"2025-10-09T09:49:16","modified_gmt":"2025-10-09T09:49:16","slug":"monsterinsights-wordpress-icin-google-analytics-gosterge-tablosu-web-sitesi-istatistikleri-kolaylasti","status":"publish","type":"product","link":"https:\/\/hexexist.com\/tr\/urun\/monsterinsights-wordpress-icin-google-analytics-gosterge-tablosu-web-sitesi-istatistikleri-kolaylasti\/","title":{"rendered":"MonsterInsights WordPress i\u00e7in Google Analytics G\u00f6sterge Tablosu (Web Sitesi \u0130statistikleri Kolayla\u015ft\u0131)"},"content":{"rendered":"<p>3 milyondan fazla aktif kurulumla MonsterInsights, WordPress i\u00e7in en pop\u00fcler Google Analytics eklentisidir.<\/p>\n","protected":false},"excerpt":{"rendered":"<p>3 milyondan fazla aktif kurulumla MonsterInsights, WordPress i\u00e7in en pop\u00fcler Google Analytics eklentisidir.<\/p>\n","protected":false},"featured_media":12856,"comment_status":"open","ping_status":"closed","template":"","meta":[],"product_brand":[],"product_cat":[1413],"product_tag":[1550,1980,1981,2672,2054],"class_list":{"0":"post-14251","1":"product","2":"type-product","3":"status-publish","4":"has-post-thumbnail","6":"product_cat-eklentiler","7":"product_tag-analitik","8":"product_tag-google-analitik","9":"product_tag-google-analytics-gosterge-tablosu","10":"product_tag-web-sitesi-analizi","11":"product_tag-wordpress-analizleri","13":"first","14":"instock","15":"downloadable","16":"virtual","17":"product-type-simple"},"_links":{"self":[{"href":"https:\/\/hexexist.com\/tr\/wp-json\/wp\/v2\/product\/14251","targetHints":{"allow":["GET"]}}],"collection":[{"href":"https:\/\/hexexist.com\/tr\/wp-json\/wp\/v2\/product"}],"about":[{"href":"https:\/\/hexexist.com\/tr\/wp-json\/wp\/v2\/types\/product"}],"replies":[{"embeddable":true,"href":"https:\/\/hexexist.com\/tr\/wp-json\/wp\/v2\/comments?post=14251"}],"wp:featuredmedia":[{"embeddable":true,"href":"https:\/\/hexexist.com\/tr\/wp-json\/wp\/v2\/media\/12856"}],"wp:attachment":[{"href":"https:\/\/hexexist.com\/tr\/wp-json\/wp\/v2\/media?parent=14251"}],"wp:term":[{"taxonomy":"product_brand","embeddable":true,"href":"https:\/\/hexexist.com\/tr\/wp-json\/wp\/v2\/product_brand?post=14251"},{"taxonomy":"product_cat","embeddable":true,"href":"https:\/\/hexexist.com\/tr\/wp-json\/wp\/v2\/product_cat?post=14251"},{"taxonomy":"product_tag","embeddable":true,"href":"https:\/\/hexexist.com\/tr\/wp-json\/wp\/v2\/product_tag?post=14251"}],"curies":[{"name":"wp","href":"https:\/\/api.w.org\/{rel}","templated":true}]}}