{"id":14252,"date":"2025-10-09T09:49:16","date_gmt":"2025-10-09T09:49:16","guid":{"rendered":"http:\/\/hexexist.com\/product\/elementor-icin-temel-eklentiler-populer-elementor-sablonlari-ve-widgetlari\/"},"modified":"2025-10-09T09:49:16","modified_gmt":"2025-10-09T09:49:16","slug":"elementor-icin-temel-eklentiler-populer-elementor-sablonlari-ve-widgetlari","status":"publish","type":"product","link":"https:\/\/hexexist.com\/tr\/urun\/elementor-icin-temel-eklentiler-populer-elementor-sablonlari-ve-widgetlari\/","title":{"rendered":"Elementor i\u00e7in Temel Eklentiler Pop\u00fcler Elementor \u015eablonlar\u0131 ve Widget&#8217;lar\u0131"},"content":{"rendered":"<p>100&#8217;den fazla yarat\u0131c\u0131 \u00f6\u011fe ve uzant\u0131 ile Elementor sayfa olu\u015fturma deneyimini geli\u015ftirin. Bir sonraki WordPress web sitesi tasar\u0131m\u0131n\u0131z\u0131 her zamankinden daha kolay ve daha g\u00fczel hale getirmek i\u00e7in tasarlanm\u0131\u015f, kullan\u0131m\u0131 kolay Elementor widget&#8217;lar\u0131m\u0131z\u0131 ve haz\u0131r Elementor \u015fablonlar\u0131m\u0131z\u0131 kullanarak web sitesi olu\u015fturucunuza g\u00fc\u00e7 kat\u0131n. <\/p>\n","protected":false},"excerpt":{"rendered":"<p>100&#8217;den fazla yarat\u0131c\u0131 \u00f6\u011fe ve uzant\u0131 ile Elementor sayfa olu\u015fturma deneyimini geli\u015ftirin. Bir sonraki WordPress web sitesi tasar\u0131m\u0131n\u0131z\u0131 her zamankinden daha kolay ve daha g\u00fczel hale getirmek i\u00e7in tasarlanm\u0131\u015f, kullan\u0131m\u0131 kolay Elementor widget&#8217;lar\u0131m\u0131z\u0131 ve haz\u0131r Elementor \u015fablonlar\u0131m\u0131z\u0131 kullanarak web sitesi olu\u015fturucunuza g\u00fc\u00e7 kat\u0131n.<\/p>\n","protected":false},"featured_media":12855,"comment_status":"open","ping_status":"closed","template":"","meta":[],"product_brand":[],"product_cat":[1413],"product_tag":[1532,1537,1539,1538,2673],"class_list":{"0":"post-14252","1":"product","2":"type-product","3":"status-publish","4":"has-post-thumbnail","6":"product_cat-eklentiler","7":"product_tag-elementor-tr","8":"product_tag-elementor-eklentileri","9":"product_tag-elementor-sablonlari","10":"product_tag-elementor-widgetlari","11":"product_tag-elementor-woocommerce-tr","13":"first","14":"instock","15":"downloadable","16":"virtual","17":"product-type-simple"},"_links":{"self":[{"href":"https:\/\/hexexist.com\/tr\/wp-json\/wp\/v2\/product\/14252","targetHints":{"allow":["GET"]}}],"collection":[{"href":"https:\/\/hexexist.com\/tr\/wp-json\/wp\/v2\/product"}],"about":[{"href":"https:\/\/hexexist.com\/tr\/wp-json\/wp\/v2\/types\/product"}],"replies":[{"embeddable":true,"href":"https:\/\/hexexist.com\/tr\/wp-json\/wp\/v2\/comments?post=14252"}],"wp:featuredmedia":[{"embeddable":true,"href":"https:\/\/hexexist.com\/tr\/wp-json\/wp\/v2\/media\/12855"}],"wp:attachment":[{"href":"https:\/\/hexexist.com\/tr\/wp-json\/wp\/v2\/media?parent=14252"}],"wp:term":[{"taxonomy":"product_brand","embeddable":true,"href":"https:\/\/hexexist.com\/tr\/wp-json\/wp\/v2\/product_brand?post=14252"},{"taxonomy":"product_cat","embeddable":true,"href":"https:\/\/hexexist.com\/tr\/wp-json\/wp\/v2\/product_cat?post=14252"},{"taxonomy":"product_tag","embeddable":true,"href":"https:\/\/hexexist.com\/tr\/wp-json\/wp\/v2\/product_tag?post=14252"}],"curies":[{"name":"wp","href":"https:\/\/api.w.org\/{rel}","templated":true}]}}