{"id":14253,"date":"2025-10-09T09:49:15","date_gmt":"2025-10-09T09:49:15","guid":{"rendered":"http:\/\/hexexist.com\/product\/baslangic-sablonlari-elementor-ve-gutenberg-icin-yapay-zeka-destekli-sablonlar\/"},"modified":"2025-10-09T09:49:15","modified_gmt":"2025-10-09T09:49:15","slug":"baslangic-sablonlari-elementor-ve-gutenberg-icin-yapay-zeka-destekli-sablonlar","status":"publish","type":"product","link":"https:\/\/hexexist.com\/tr\/urun\/baslangic-sablonlari-elementor-ve-gutenberg-icin-yapay-zeka-destekli-sablonlar\/","title":{"rendered":"Ba\u015flang\u0131\u00e7 \u015eablonlar\u0131 Elementor ve Gutenberg i\u00e7in Yapay Zeka Destekli \u015eablonlar"},"content":{"rendered":"<p>Web sitesi olu\u015fturman\u0131n gelece\u011fi burada! Ba\u015flang\u0131\u00e7 \u015eablonlar\u0131 ile sadece dakikalar i\u00e7inde yapay zeka destekli profesyonel g\u00f6r\u00fcn\u00fcml\u00fc web siteleri olu\u015fturabilirsiniz. <\/p>\n","protected":false},"excerpt":{"rendered":"<p>Web sitesi olu\u015fturman\u0131n gelece\u011fi burada! Ba\u015flang\u0131\u00e7 \u015eablonlar\u0131 ile sadece dakikalar i\u00e7inde yapay zeka destekli profesyonel g\u00f6r\u00fcn\u00fcml\u00fc web siteleri olu\u015fturabilirsiniz.<\/p>\n","protected":false},"featured_media":12849,"comment_status":"open","ping_status":"closed","template":"","meta":[],"product_brand":[],"product_cat":[1413],"product_tag":[1769,1532,1526,2283],"class_list":{"0":"post-14253","1":"product","2":"type-product","3":"status-publish","4":"has-post-thumbnail","6":"product_cat-eklentiler","7":"product_tag-blok-duzenleyici","8":"product_tag-elementor-tr","9":"product_tag-gutenberg-tr","10":"product_tag-sablonlar","12":"first","13":"instock","14":"downloadable","15":"virtual","16":"product-type-simple"},"_links":{"self":[{"href":"https:\/\/hexexist.com\/tr\/wp-json\/wp\/v2\/product\/14253","targetHints":{"allow":["GET"]}}],"collection":[{"href":"https:\/\/hexexist.com\/tr\/wp-json\/wp\/v2\/product"}],"about":[{"href":"https:\/\/hexexist.com\/tr\/wp-json\/wp\/v2\/types\/product"}],"replies":[{"embeddable":true,"href":"https:\/\/hexexist.com\/tr\/wp-json\/wp\/v2\/comments?post=14253"}],"wp:featuredmedia":[{"embeddable":true,"href":"https:\/\/hexexist.com\/tr\/wp-json\/wp\/v2\/media\/12849"}],"wp:attachment":[{"href":"https:\/\/hexexist.com\/tr\/wp-json\/wp\/v2\/media?parent=14253"}],"wp:term":[{"taxonomy":"product_brand","embeddable":true,"href":"https:\/\/hexexist.com\/tr\/wp-json\/wp\/v2\/product_brand?post=14253"},{"taxonomy":"product_cat","embeddable":true,"href":"https:\/\/hexexist.com\/tr\/wp-json\/wp\/v2\/product_cat?post=14253"},{"taxonomy":"product_tag","embeddable":true,"href":"https:\/\/hexexist.com\/tr\/wp-json\/wp\/v2\/product_tag?post=14253"}],"curies":[{"name":"wp","href":"https:\/\/api.w.org\/{rel}","templated":true}]}}