{"id":14254,"date":"2025-10-09T09:49:19","date_gmt":"2025-10-09T09:49:19","guid":{"rendered":"http:\/\/hexexist.com\/product\/daha-iyi-arama-degistirme\/"},"modified":"2025-10-09T09:49:19","modified_gmt":"2025-10-09T09:49:19","slug":"daha-iyi-arama-degistirme","status":"publish","type":"product","link":"https:\/\/hexexist.com\/tr\/urun\/daha-iyi-arama-degistirme\/","title":{"rendered":"Daha \u0130yi Arama De\u011fi\u015ftirme"},"content":{"rendered":"<p>WordPress sitenizi yeni bir alan ad\u0131na veya sunucuya ta\u015f\u0131rken, her \u015feyin do\u011fru \u00e7al\u0131\u015fmas\u0131 i\u00e7in veritaban\u0131nda bir arama\/de\u011fi\u015ftirme yapman\u0131z gerekecektir. Neyse ki, bu g\u00f6rev i\u00e7in birka\u00e7 eklenti mevcuttur, ancak hepsinin birka\u00e7 temel \u00f6zelli\u011fe farkl\u0131 bir yakla\u015f\u0131m\u0131 vard\u0131r. Bu eklenti, bu eklentilerin en iyi \u00f6zelliklerini bir araya getirerek a\u015fa\u011f\u0131daki \u00f6zellikleri basit bir eklentide birle\u015ftiriyor:  <\/p>\n","protected":false},"excerpt":{"rendered":"<p>WordPress sitenizi yeni bir alan ad\u0131na veya sunucuya ta\u015f\u0131rken, her \u015feyin do\u011fru \u00e7al\u0131\u015fmas\u0131 i\u00e7in veritaban\u0131nda bir arama\/de\u011fi\u015ftirme yapman\u0131z gerekecektir. Neyse ki, bu g\u00f6rev i\u00e7in birka\u00e7 eklenti mevcuttur, ancak hepsinin birka\u00e7 temel \u00f6zelli\u011fe farkl\u0131 bir yakla\u015f\u0131m\u0131 vard\u0131r. Bu eklenti, bu eklentilerin en iyi \u00f6zelliklerini bir araya getirerek a\u015fa\u011f\u0131daki \u00f6zellikleri basit bir eklentide birle\u015ftiriyor:<\/p>\n","protected":false},"featured_media":12868,"comment_status":"open","ping_status":"closed","template":"","meta":[],"product_brand":[],"product_cat":[1413],"product_tag":[2674,2676,1540,2678,2677],"class_list":{"0":"post-14254","1":"product","2":"type-product","3":"status-publish","4":"has-post-thumbnail","6":"product_cat-eklentiler","7":"product_tag-arama-degistirme","8":"product_tag-arama-degistirme-veritabani","9":"product_tag-arama-ve-degistirme","10":"product_tag-canli-urlyi-guncelle","11":"product_tag-veritabani-urllerini-guncelleme","13":"first","14":"instock","15":"downloadable","16":"virtual","17":"product-type-simple"},"_links":{"self":[{"href":"https:\/\/hexexist.com\/tr\/wp-json\/wp\/v2\/product\/14254","targetHints":{"allow":["GET"]}}],"collection":[{"href":"https:\/\/hexexist.com\/tr\/wp-json\/wp\/v2\/product"}],"about":[{"href":"https:\/\/hexexist.com\/tr\/wp-json\/wp\/v2\/types\/product"}],"replies":[{"embeddable":true,"href":"https:\/\/hexexist.com\/tr\/wp-json\/wp\/v2\/comments?post=14254"}],"wp:featuredmedia":[{"embeddable":true,"href":"https:\/\/hexexist.com\/tr\/wp-json\/wp\/v2\/media\/12868"}],"wp:attachment":[{"href":"https:\/\/hexexist.com\/tr\/wp-json\/wp\/v2\/media?parent=14254"}],"wp:term":[{"taxonomy":"product_brand","embeddable":true,"href":"https:\/\/hexexist.com\/tr\/wp-json\/wp\/v2\/product_brand?post=14254"},{"taxonomy":"product_cat","embeddable":true,"href":"https:\/\/hexexist.com\/tr\/wp-json\/wp\/v2\/product_cat?post=14254"},{"taxonomy":"product_tag","embeddable":true,"href":"https:\/\/hexexist.com\/tr\/wp-json\/wp\/v2\/product_tag?post=14254"}],"curies":[{"name":"wp","href":"https:\/\/api.w.org\/{rel}","templated":true}]}}