{"id":14255,"date":"2025-10-09T09:49:16","date_gmt":"2025-10-09T09:49:16","guid":{"rendered":"http:\/\/hexexist.com\/product\/elementskit-elementor-eklentileri-ve-sablonlari\/"},"modified":"2025-10-09T09:49:16","modified_gmt":"2025-10-09T09:49:16","slug":"elementskit-elementor-eklentileri-ve-sablonlari","status":"publish","type":"product","link":"https:\/\/hexexist.com\/tr\/urun\/elementskit-elementor-eklentileri-ve-sablonlari\/","title":{"rendered":"ElementsKit Elementor Eklentileri ve \u015eablonlar\u0131"},"content":{"rendered":"<p>ElementsKit Elementor eklentileri, Elementor Sayfa Olu\u015fturucu i\u00e7in nihai ve hepsi bir arada eklentilerdir. 90&#8217;dan fazla Elementor widget&#8217;\u0131, 18+ mod\u00fcl ve 900&#8217;den fazla \u00f6nceden tasarlanm\u0131\u015f Elementor \u015fablonu ile g\u00fczel ve kapsaml\u0131 bir \u00e7\u00f6z\u00fcm sunar. <\/p>\n","protected":false},"excerpt":{"rendered":"<p>ElementsKit Elementor eklentileri, Elementor Sayfa Olu\u015fturucu i\u00e7in nihai ve hepsi bir arada eklentilerdir. 90&#8217;dan fazla Elementor widget&#8217;\u0131, 18+ mod\u00fcl ve 900&#8217;den fazla \u00f6nceden tasarlanm\u0131\u015f Elementor \u015fablonu ile g\u00fczel ve kapsaml\u0131 bir \u00e7\u00f6z\u00fcm sunar.<\/p>\n","protected":false},"featured_media":12854,"comment_status":"open","ping_status":"closed","template":"","meta":[],"product_brand":[],"product_cat":[1413],"product_tag":[1537,1744,1538,2675,2564],"class_list":{"0":"post-14255","1":"product","2":"type-product","3":"status-publish","4":"has-post-thumbnail","6":"product_cat-eklentiler","7":"product_tag-elementor-eklentileri","8":"product_tag-elementor-eklentisi","9":"product_tag-elementor-widgetlari","10":"product_tag-mega-menu-olusturucu","11":"product_tag-ustbilgi-altbilgi-olusturucu","13":"first","14":"instock","15":"downloadable","16":"virtual","17":"product-type-simple"},"_links":{"self":[{"href":"https:\/\/hexexist.com\/tr\/wp-json\/wp\/v2\/product\/14255","targetHints":{"allow":["GET"]}}],"collection":[{"href":"https:\/\/hexexist.com\/tr\/wp-json\/wp\/v2\/product"}],"about":[{"href":"https:\/\/hexexist.com\/tr\/wp-json\/wp\/v2\/types\/product"}],"replies":[{"embeddable":true,"href":"https:\/\/hexexist.com\/tr\/wp-json\/wp\/v2\/comments?post=14255"}],"wp:featuredmedia":[{"embeddable":true,"href":"https:\/\/hexexist.com\/tr\/wp-json\/wp\/v2\/media\/12854"}],"wp:attachment":[{"href":"https:\/\/hexexist.com\/tr\/wp-json\/wp\/v2\/media?parent=14255"}],"wp:term":[{"taxonomy":"product_brand","embeddable":true,"href":"https:\/\/hexexist.com\/tr\/wp-json\/wp\/v2\/product_brand?post=14255"},{"taxonomy":"product_cat","embeddable":true,"href":"https:\/\/hexexist.com\/tr\/wp-json\/wp\/v2\/product_cat?post=14255"},{"taxonomy":"product_tag","embeddable":true,"href":"https:\/\/hexexist.com\/tr\/wp-json\/wp\/v2\/product_tag?post=14255"}],"curies":[{"name":"wp","href":"https:\/\/api.w.org\/{rel}","templated":true}]}}