{"id":14256,"date":"2025-10-09T09:49:18","date_gmt":"2025-10-09T09:49:18","guid":{"rendered":"http:\/\/hexexist.com\/product\/loco-ceviri\/"},"modified":"2025-10-09T09:49:18","modified_gmt":"2025-10-09T09:49:18","slug":"loco-ceviri","status":"publish","type":"product","link":"https:\/\/hexexist.com\/tr\/urun\/loco-ceviri\/","title":{"rendered":"Loco \u00c7eviri"},"content":{"rendered":"<p>Loco Translate, WordPress \u00e7eviri dosyalar\u0131n\u0131n taray\u0131c\u0131 i\u00e7inde d\u00fczenlenmesini ve otomatik \u00e7eviri hizmetleriyle entegrasyonunu sa\u011flar.<\/p>\n","protected":false},"excerpt":{"rendered":"<p>Loco Translate, WordPress \u00e7eviri dosyalar\u0131n\u0131n taray\u0131c\u0131 i\u00e7inde d\u00fczenlenmesini ve otomatik \u00e7eviri hizmetleriyle entegrasyonunu sa\u011flar.<\/p>\n","protected":false},"featured_media":12861,"comment_status":"open","ping_status":"closed","template":"","meta":[],"product_brand":[],"product_cat":[1413],"product_tag":[2277,1560,2276,2679,2033],"class_list":{"0":"post-14256","1":"product","2":"type-product","3":"status-publish","4":"has-post-thumbnail","6":"product_cat-eklentiler","7":"product_tag-ceviri","8":"product_tag-cok-dilli","9":"product_tag-dil","10":"product_tag-i18n-tr","11":"product_tag-l10n-tr","13":"first","14":"instock","15":"downloadable","16":"virtual","17":"product-type-simple"},"_links":{"self":[{"href":"https:\/\/hexexist.com\/tr\/wp-json\/wp\/v2\/product\/14256","targetHints":{"allow":["GET"]}}],"collection":[{"href":"https:\/\/hexexist.com\/tr\/wp-json\/wp\/v2\/product"}],"about":[{"href":"https:\/\/hexexist.com\/tr\/wp-json\/wp\/v2\/types\/product"}],"replies":[{"embeddable":true,"href":"https:\/\/hexexist.com\/tr\/wp-json\/wp\/v2\/comments?post=14256"}],"wp:featuredmedia":[{"embeddable":true,"href":"https:\/\/hexexist.com\/tr\/wp-json\/wp\/v2\/media\/12861"}],"wp:attachment":[{"href":"https:\/\/hexexist.com\/tr\/wp-json\/wp\/v2\/media?parent=14256"}],"wp:term":[{"taxonomy":"product_brand","embeddable":true,"href":"https:\/\/hexexist.com\/tr\/wp-json\/wp\/v2\/product_brand?post=14256"},{"taxonomy":"product_cat","embeddable":true,"href":"https:\/\/hexexist.com\/tr\/wp-json\/wp\/v2\/product_cat?post=14256"},{"taxonomy":"product_tag","embeddable":true,"href":"https:\/\/hexexist.com\/tr\/wp-json\/wp\/v2\/product_tag?post=14256"}],"curies":[{"name":"wp","href":"https:\/\/api.w.org\/{rel}","templated":true}]}}