{"id":14257,"date":"2025-10-09T09:49:19","date_gmt":"2025-10-09T09:49:19","guid":{"rendered":"http:\/\/hexexist.com\/product\/wps-girisi-gizle\/"},"modified":"2025-10-09T09:49:19","modified_gmt":"2025-10-09T09:49:19","slug":"wps-girisi-gizle","status":"publish","type":"product","link":"https:\/\/hexexist.com\/tr\/urun\/wps-girisi-gizle\/","title":{"rendered":"WPS Giri\u015fi Gizle"},"content":{"rendered":"<p>WPS Hide Login, giri\u015f formu sayfas\u0131n\u0131n URL&#8217;sini istedi\u011finiz herhangi bir \u015feyle kolayca ve g\u00fcvenli bir \u015fekilde de\u011fi\u015ftirmenizi sa\u011flayan \u00e7ok hafif bir eklentidir. \u00c7ekirdekteki dosyalar\u0131 tam anlam\u0131yla yeniden adland\u0131rmaz veya de\u011fi\u015ftirmez ya da yeniden yazma kurallar\u0131 eklemez. Sadece sayfa isteklerini engeller ve herhangi bir WordPress web sitesinde \u00e7al\u0131\u015f\u0131r. Wp-admin dizini ve wp-login.php sayfas\u0131 eri\u015filemez hale gelir, bu nedenle url&#8217;yi yer imlerine eklemeniz veya hat\u0131rlaman\u0131z gerekir. Bu eklentinin devre d\u0131\u015f\u0131 b\u0131rak\u0131lmas\u0131 sitenizi tam olarak \u00f6nceki durumuna geri getirir.    <\/p>\n","protected":false},"excerpt":{"rendered":"<p>WPS Hide Login, giri\u015f formu sayfas\u0131n\u0131n URL&#8217;sini istedi\u011finiz herhangi bir \u015feyle kolayca ve g\u00fcvenli bir \u015fekilde de\u011fi\u015ftirmenizi sa\u011flayan \u00e7ok hafif bir eklentidir. \u00c7ekirdekteki dosyalar\u0131 tam anlam\u0131yla yeniden adland\u0131rmaz veya de\u011fi\u015ftirmez ya da yeniden yazma kurallar\u0131 eklemez. Sadece sayfa isteklerini engeller ve herhangi bir WordPress web sitesinde \u00e7al\u0131\u015f\u0131r. Wp-admin dizini ve wp-login.php sayfas\u0131 eri\u015filemez hale gelir, [&hellip;]<\/p>\n","protected":false},"featured_media":12867,"comment_status":"open","ping_status":"closed","template":"","meta":[],"product_brand":[],"product_cat":[1413],"product_tag":[2015,2680,2016,2682,2681],"class_list":{"0":"post-14257","1":"product","2":"type-product","3":"status-publish","4":"has-post-thumbnail","6":"product_cat-eklentiler","7":"product_tag-giris","8":"product_tag-ozel-giris-urlsi","9":"product_tag-wp-giris","10":"product_tag-wp-login-php-tr","11":"product_tag-yeniden-adlandir","13":"first","14":"instock","15":"downloadable","16":"virtual","17":"product-type-simple"},"_links":{"self":[{"href":"https:\/\/hexexist.com\/tr\/wp-json\/wp\/v2\/product\/14257","targetHints":{"allow":["GET"]}}],"collection":[{"href":"https:\/\/hexexist.com\/tr\/wp-json\/wp\/v2\/product"}],"about":[{"href":"https:\/\/hexexist.com\/tr\/wp-json\/wp\/v2\/types\/product"}],"replies":[{"embeddable":true,"href":"https:\/\/hexexist.com\/tr\/wp-json\/wp\/v2\/comments?post=14257"}],"wp:featuredmedia":[{"embeddable":true,"href":"https:\/\/hexexist.com\/tr\/wp-json\/wp\/v2\/media\/12867"}],"wp:attachment":[{"href":"https:\/\/hexexist.com\/tr\/wp-json\/wp\/v2\/media?parent=14257"}],"wp:term":[{"taxonomy":"product_brand","embeddable":true,"href":"https:\/\/hexexist.com\/tr\/wp-json\/wp\/v2\/product_brand?post=14257"},{"taxonomy":"product_cat","embeddable":true,"href":"https:\/\/hexexist.com\/tr\/wp-json\/wp\/v2\/product_cat?post=14257"},{"taxonomy":"product_tag","embeddable":true,"href":"https:\/\/hexexist.com\/tr\/wp-json\/wp\/v2\/product_tag?post=14257"}],"curies":[{"name":"wp","href":"https:\/\/api.w.org\/{rel}","templated":true}]}}