{"id":14258,"date":"2025-10-09T09:49:18","date_gmt":"2025-10-09T09:49:18","guid":{"rendered":"http:\/\/hexexist.com\/product\/limit-login-attempts-reloaded-giris-guvenligi-kaba-kuvvet-korumasi-guvenlik-duvari\/"},"modified":"2025-10-09T09:49:18","modified_gmt":"2025-10-09T09:49:18","slug":"limit-login-attempts-reloaded-giris-guvenligi-kaba-kuvvet-korumasi-guvenlik-duvari","status":"publish","type":"product","link":"https:\/\/hexexist.com\/tr\/urun\/limit-login-attempts-reloaded-giris-guvenligi-kaba-kuvvet-korumasi-guvenlik-duvari\/","title":{"rendered":"Limit Login Attempts Reloaded Giri\u015f G\u00fcvenli\u011fi, Kaba Kuvvet Korumas\u0131, G\u00fcvenlik Duvar\u0131"},"content":{"rendered":"<p>Limit Login Attempts Reloaded, kaba kuvvet sald\u0131r\u0131lar\u0131na kar\u015f\u0131 sa\u011flam bir cayd\u0131r\u0131c\u0131 olarak i\u015flev g\u00f6r\u00fcr, web sitenizin g\u00fcvenlik \u00f6nlemlerini g\u00fc\u00e7lendirir ve performans\u0131n\u0131 optimize eder. Bunu, izin verilen giri\u015f denemelerinin say\u0131s\u0131n\u0131 k\u0131s\u0131tlayarak ba\u015far\u0131r. Bu sadece standart giri\u015f y\u00f6ntemi i\u00e7in de\u011fil, ayn\u0131 zamanda XMLRPC, Woocommerce ve \u00f6zel giri\u015f sayfalar\u0131 i\u00e7in de ge\u00e7erlidir. 2,5 milyondan fazla aktif kullan\u0131c\u0131s\u0131 olan bu eklenti, t\u00fcm giri\u015f g\u00fcvenli\u011fi gereksinimlerinizi kar\u015f\u0131lar.   <\/p>\n","protected":false},"excerpt":{"rendered":"<p>Limit Login Attempts Reloaded, kaba kuvvet sald\u0131r\u0131lar\u0131na kar\u015f\u0131 sa\u011flam bir cayd\u0131r\u0131c\u0131 olarak i\u015flev g\u00f6r\u00fcr, web sitenizin g\u00fcvenlik \u00f6nlemlerini g\u00fc\u00e7lendirir ve performans\u0131n\u0131 optimize eder. Bunu, izin verilen giri\u015f denemelerinin say\u0131s\u0131n\u0131 k\u0131s\u0131tlayarak ba\u015far\u0131r. Bu sadece standart giri\u015f y\u00f6ntemi i\u00e7in de\u011fil, ayn\u0131 zamanda XMLRPC, Woocommerce ve \u00f6zel giri\u015f sayfalar\u0131 i\u00e7in de ge\u00e7erlidir. 2,5 milyondan fazla aktif kullan\u0131c\u0131s\u0131 olan [&hellip;]<\/p>\n","protected":false},"featured_media":12860,"comment_status":"open","ping_status":"closed","template":"","meta":[],"product_brand":[],"product_cat":[1413],"product_tag":[1457,1455,1456,1668,1541],"class_list":{"0":"post-14258","1":"product","2":"type-product","3":"status-publish","4":"has-post-thumbnail","6":"product_cat-eklentiler","7":"product_tag-giris-guvenligi","8":"product_tag-guvenlik","9":"product_tag-guvenlik-duvari","10":"product_tag-kaba-kuvvet","11":"product_tag-spam-tr","13":"first","14":"instock","15":"downloadable","16":"virtual","17":"product-type-simple"},"_links":{"self":[{"href":"https:\/\/hexexist.com\/tr\/wp-json\/wp\/v2\/product\/14258","targetHints":{"allow":["GET"]}}],"collection":[{"href":"https:\/\/hexexist.com\/tr\/wp-json\/wp\/v2\/product"}],"about":[{"href":"https:\/\/hexexist.com\/tr\/wp-json\/wp\/v2\/types\/product"}],"replies":[{"embeddable":true,"href":"https:\/\/hexexist.com\/tr\/wp-json\/wp\/v2\/comments?post=14258"}],"wp:featuredmedia":[{"embeddable":true,"href":"https:\/\/hexexist.com\/tr\/wp-json\/wp\/v2\/media\/12860"}],"wp:attachment":[{"href":"https:\/\/hexexist.com\/tr\/wp-json\/wp\/v2\/media?parent=14258"}],"wp:term":[{"taxonomy":"product_brand","embeddable":true,"href":"https:\/\/hexexist.com\/tr\/wp-json\/wp\/v2\/product_brand?post=14258"},{"taxonomy":"product_cat","embeddable":true,"href":"https:\/\/hexexist.com\/tr\/wp-json\/wp\/v2\/product_cat?post=14258"},{"taxonomy":"product_tag","embeddable":true,"href":"https:\/\/hexexist.com\/tr\/wp-json\/wp\/v2\/product_tag?post=14258"}],"curies":[{"name":"wp","href":"https:\/\/api.w.org\/{rel}","templated":true}]}}