{"id":14259,"date":"2025-10-09T09:49:19","date_gmt":"2025-10-09T09:49:19","guid":{"rendered":"http:\/\/hexexist.com\/product\/wp-super-onbellek\/"},"modified":"2025-10-09T09:49:19","modified_gmt":"2025-10-09T09:49:19","slug":"wp-super-onbellek","status":"publish","type":"product","link":"https:\/\/hexexist.com\/tr\/urun\/wp-super-onbellek\/","title":{"rendered":"WP S\u00fcper \u00d6nbellek"},"content":{"rendered":"<p>Bu eklenti dinamik WordPress blogunuzdan statik html dosyalar\u0131 olu\u015fturur. Bir html dosyas\u0131 olu\u015fturulduktan sonra web sunucunuz nispeten daha a\u011f\u0131r ve daha pahal\u0131 WordPress PHP betiklerini i\u015flemek yerine bu dosyay\u0131 sunacakt\u0131r. <\/p>\n","protected":false},"excerpt":{"rendered":"<p>Bu eklenti dinamik WordPress blogunuzdan statik html dosyalar\u0131 olu\u015fturur. Bir html dosyas\u0131 olu\u015fturulduktan sonra web sunucunuz nispeten daha a\u011f\u0131r ve daha pahal\u0131 WordPress PHP betiklerini i\u015flemek yerine bu dosyay\u0131 sunacakt\u0131r.<\/p>\n","protected":false},"featured_media":12866,"comment_status":"open","ping_status":"closed","template":"","meta":[],"product_brand":[],"product_cat":[1413],"product_tag":[1737,1627,1469,2554,2683],"class_list":{"0":"post-14259","1":"product","2":"type-product","3":"status-publish","4":"has-post-thumbnail","6":"product_cat-eklentiler","7":"product_tag-onbellege-alma","8":"product_tag-onbellek","9":"product_tag-performans","10":"product_tag-wp-onbellek","11":"product_tag-wp-super-onbellek","13":"first","14":"instock","15":"downloadable","16":"virtual","17":"product-type-simple"},"_links":{"self":[{"href":"https:\/\/hexexist.com\/tr\/wp-json\/wp\/v2\/product\/14259","targetHints":{"allow":["GET"]}}],"collection":[{"href":"https:\/\/hexexist.com\/tr\/wp-json\/wp\/v2\/product"}],"about":[{"href":"https:\/\/hexexist.com\/tr\/wp-json\/wp\/v2\/types\/product"}],"replies":[{"embeddable":true,"href":"https:\/\/hexexist.com\/tr\/wp-json\/wp\/v2\/comments?post=14259"}],"wp:featuredmedia":[{"embeddable":true,"href":"https:\/\/hexexist.com\/tr\/wp-json\/wp\/v2\/media\/12866"}],"wp:attachment":[{"href":"https:\/\/hexexist.com\/tr\/wp-json\/wp\/v2\/media?parent=14259"}],"wp:term":[{"taxonomy":"product_brand","embeddable":true,"href":"https:\/\/hexexist.com\/tr\/wp-json\/wp\/v2\/product_brand?post=14259"},{"taxonomy":"product_cat","embeddable":true,"href":"https:\/\/hexexist.com\/tr\/wp-json\/wp\/v2\/product_cat?post=14259"},{"taxonomy":"product_tag","embeddable":true,"href":"https:\/\/hexexist.com\/tr\/wp-json\/wp\/v2\/product_tag?post=14259"}],"curies":[{"name":"wp","href":"https:\/\/api.w.org\/{rel}","templated":true}]}}