{"id":14260,"date":"2025-10-09T09:49:19","date_gmt":"2025-10-09T09:49:19","guid":{"rendered":"http:\/\/hexexist.com\/product\/gelismis-editor-araclari\/"},"modified":"2025-10-09T09:49:19","modified_gmt":"2025-10-09T09:49:19","slug":"gelismis-editor-araclari","status":"publish","type":"product","link":"https:\/\/hexexist.com\/tr\/urun\/gelismis-editor-araclari\/","title":{"rendered":"Geli\u015fmi\u015f Edit\u00f6r Ara\u00e7lar\u0131"},"content":{"rendered":"<p>Geli\u015fmi\u015f Edit\u00f6r Ara\u00e7lar\u0131 (daha \u00f6nce TinyMCE Advanced), blok edit\u00f6r\u00fc (Gutenberg) i\u00e7in bir &#8220;Klasik Paragraf&#8221; blo\u011fu sunuyor. Blok d\u00fczenleyiciye ge\u00e7meye tam olarak haz\u0131r de\u011filseniz veya orada kullan\u0131lamayan eklentileriniz varsa (hen\u00fcz), Klasik Paragraf blo\u011funu kullanmak en iyi se\u00e7ene\u011finizdir. \u00c7o\u011fu g\u00f6rev i\u00e7in tan\u0131d\u0131k TinyMCE edit\u00f6r\u00fcn\u00fc kullanmaya devam etmenizi sa\u011flar ve ayn\u0131 zamanda blok edit\u00f6r\u00fcndeki t\u00fcm bloklara ve yeni \u00f6zelliklere tam eri\u015fim sa\u011flar.<\/p>\n","protected":false},"excerpt":{"rendered":"<p>Geli\u015fmi\u015f Edit\u00f6r Ara\u00e7lar\u0131 (daha \u00f6nce TinyMCE Advanced), blok edit\u00f6r\u00fc (Gutenberg) i\u00e7in bir &#8220;Klasik Paragraf&#8221; blo\u011fu sunuyor. Blok d\u00fczenleyiciye ge\u00e7meye tam olarak haz\u0131r de\u011filseniz veya orada kullan\u0131lamayan eklentileriniz varsa (hen\u00fcz), Klasik Paragraf blo\u011funu kullanmak en iyi se\u00e7ene\u011finizdir. \u00c7o\u011fu g\u00f6rev i\u00e7in tan\u0131d\u0131k TinyMCE edit\u00f6r\u00fcn\u00fc kullanmaya devam etmenizi sa\u011flar ve ayn\u0131 zamanda blok edit\u00f6r\u00fcndeki t\u00fcm bloklara ve yeni [&hellip;]<\/p>\n","protected":false},"featured_media":12865,"comment_status":"open","ping_status":"closed","template":"","meta":[],"product_brand":[],"product_cat":[1413],"product_tag":[1576,1769,1771,1526,2656],"class_list":{"0":"post-14260","1":"product","2":"type-product","3":"status-publish","4":"has-post-thumbnail","6":"product_cat-eklentiler","7":"product_tag-bicimlendirme","8":"product_tag-blok-duzenleyici","9":"product_tag-editor-tr","10":"product_tag-gutenberg-tr","11":"product_tag-klasik-editor","13":"first","14":"instock","15":"downloadable","16":"virtual","17":"product-type-simple"},"_links":{"self":[{"href":"https:\/\/hexexist.com\/tr\/wp-json\/wp\/v2\/product\/14260","targetHints":{"allow":["GET"]}}],"collection":[{"href":"https:\/\/hexexist.com\/tr\/wp-json\/wp\/v2\/product"}],"about":[{"href":"https:\/\/hexexist.com\/tr\/wp-json\/wp\/v2\/types\/product"}],"replies":[{"embeddable":true,"href":"https:\/\/hexexist.com\/tr\/wp-json\/wp\/v2\/comments?post=14260"}],"wp:featuredmedia":[{"embeddable":true,"href":"https:\/\/hexexist.com\/tr\/wp-json\/wp\/v2\/media\/12865"}],"wp:attachment":[{"href":"https:\/\/hexexist.com\/tr\/wp-json\/wp\/v2\/media?parent=14260"}],"wp:term":[{"taxonomy":"product_brand","embeddable":true,"href":"https:\/\/hexexist.com\/tr\/wp-json\/wp\/v2\/product_brand?post=14260"},{"taxonomy":"product_cat","embeddable":true,"href":"https:\/\/hexexist.com\/tr\/wp-json\/wp\/v2\/product_cat?post=14260"},{"taxonomy":"product_tag","embeddable":true,"href":"https:\/\/hexexist.com\/tr\/wp-json\/wp\/v2\/product_tag?post=14260"}],"curies":[{"name":"wp","href":"https:\/\/api.w.org\/{rel}","templated":true}]}}