{"id":14261,"date":"2025-10-09T09:49:18","date_gmt":"2025-10-09T09:49:18","guid":{"rendered":"http:\/\/hexexist.com\/product\/wpcode-ustbilgi-ve-altbilgi-ekleme-ozel-kod-parcaciklari-wordpress-kod-yoneticisi\/"},"modified":"2025-10-09T09:49:18","modified_gmt":"2025-10-09T09:49:18","slug":"wpcode-ustbilgi-ve-altbilgi-ekleme-ozel-kod-parcaciklari-wordpress-kod-yoneticisi","status":"publish","type":"product","link":"https:\/\/hexexist.com\/tr\/urun\/wpcode-ustbilgi-ve-altbilgi-ekleme-ozel-kod-parcaciklari-wordpress-kod-yoneticisi\/","title":{"rendered":"WPCode \u00dcstbilgi ve Altbilgi Ekleme + \u00d6zel Kod Par\u00e7ac\u0131klar\u0131 WordPress Kod Y\u00f6neticisi"},"content":{"rendered":"<p>WPCode (eski ad\u0131yla Insert Headers and Footers by WPBeginner) 2 milyondan fazla web sitesi taraf\u0131ndan kullan\u0131lan WordPress i\u00e7in en pop\u00fcler kod par\u00e7ac\u0131klar\u0131 eklentisidir.<\/p>\n","protected":false},"excerpt":{"rendered":"<p>WPCode (eski ad\u0131yla Insert Headers and Footers by WPBeginner) 2 milyondan fazla web sitesi taraf\u0131ndan kullan\u0131lan WordPress i\u00e7in en pop\u00fcler kod par\u00e7ac\u0131klar\u0131 eklentisidir.<\/p>\n","protected":false},"featured_media":12859,"comment_status":"open","ping_status":"closed","template":"","meta":[],"product_brand":[],"product_cat":[1413],"product_tag":[2380,1522,1808,2684,1425],"class_list":{"0":"post-14261","1":"product","2":"type-product","3":"status-publish","4":"has-post-thumbnail","6":"product_cat-eklentiler","7":"product_tag-baslik-tr","8":"product_tag-css-tr","9":"product_tag-kod","10":"product_tag-kod-parcaciklari","11":"product_tag-php-tr","13":"first","14":"instock","15":"downloadable","16":"virtual","17":"product-type-simple"},"_links":{"self":[{"href":"https:\/\/hexexist.com\/tr\/wp-json\/wp\/v2\/product\/14261","targetHints":{"allow":["GET"]}}],"collection":[{"href":"https:\/\/hexexist.com\/tr\/wp-json\/wp\/v2\/product"}],"about":[{"href":"https:\/\/hexexist.com\/tr\/wp-json\/wp\/v2\/types\/product"}],"replies":[{"embeddable":true,"href":"https:\/\/hexexist.com\/tr\/wp-json\/wp\/v2\/comments?post=14261"}],"wp:featuredmedia":[{"embeddable":true,"href":"https:\/\/hexexist.com\/tr\/wp-json\/wp\/v2\/media\/12859"}],"wp:attachment":[{"href":"https:\/\/hexexist.com\/tr\/wp-json\/wp\/v2\/media?parent=14261"}],"wp:term":[{"taxonomy":"product_brand","embeddable":true,"href":"https:\/\/hexexist.com\/tr\/wp-json\/wp\/v2\/product_brand?post=14261"},{"taxonomy":"product_cat","embeddable":true,"href":"https:\/\/hexexist.com\/tr\/wp-json\/wp\/v2\/product_cat?post=14261"},{"taxonomy":"product_tag","embeddable":true,"href":"https:\/\/hexexist.com\/tr\/wp-json\/wp\/v2\/product_tag?post=14261"}],"curies":[{"name":"wp","href":"https:\/\/api.w.org\/{rel}","templated":true}]}}