{"id":14262,"date":"2025-10-09T09:49:19","date_gmt":"2025-10-09T09:49:19","guid":{"rendered":"http:\/\/hexexist.com\/product\/yeniden-yonlendirme-2\/"},"modified":"2025-10-09T09:49:19","modified_gmt":"2025-10-09T09:49:19","slug":"yeniden-yonlendirme-2","status":"publish","type":"product","link":"https:\/\/hexexist.com\/tr\/urun\/yeniden-yonlendirme-2\/","title":{"rendered":"Yeniden Y\u00f6nlendirme"},"content":{"rendered":"<p>Redirection, WordPress i\u00e7in en pop\u00fcler y\u00f6nlendirme y\u00f6neticisidir. Bununla 301 y\u00f6nlendirmelerini kolayca y\u00f6netebilir, 404 hatalar\u0131n\u0131 takip edebilir ve genel olarak sitenizin sahip olabilece\u011fi gev\u015fek u\u00e7lar\u0131 d\u00fczenleyebilirsiniz. Bu, hatalar\u0131 azaltmaya ve sitenizin s\u0131ralamas\u0131n\u0131 iyile\u015ftirmeye yard\u0131mc\u0131 olabilir.  <\/p>\n","protected":false},"excerpt":{"rendered":"<p>Redirection, WordPress i\u00e7in en pop\u00fcler y\u00f6nlendirme y\u00f6neticisidir. Bununla 301 y\u00f6nlendirmelerini kolayca y\u00f6netebilir, 404 hatalar\u0131n\u0131 takip edebilir ve genel olarak sitenizin sahip olabilece\u011fi gev\u015fek u\u00e7lar\u0131 d\u00fczenleyebilirsiniz. Bu, hatalar\u0131 azaltmaya ve sitenizin s\u0131ralamas\u0131n\u0131 iyile\u015ftirmeye yard\u0131mc\u0131 olabilir.<\/p>\n","protected":false},"featured_media":12864,"comment_status":"open","ping_status":"closed","template":"","meta":[],"product_brand":[],"product_cat":[1413],"product_tag":[1591,2040,2685,2686,1593],"class_list":{"0":"post-14262","1":"product","2":"type-product","3":"status-publish","4":"has-post-thumbnail","6":"product_cat-eklentiler","7":"product_tag-301-tr","8":"product_tag-404-tr","9":"product_tag-apaci","10":"product_tag-htaccess-tr","11":"product_tag-yonlendirme","13":"first","14":"instock","15":"downloadable","16":"virtual","17":"product-type-simple"},"_links":{"self":[{"href":"https:\/\/hexexist.com\/tr\/wp-json\/wp\/v2\/product\/14262","targetHints":{"allow":["GET"]}}],"collection":[{"href":"https:\/\/hexexist.com\/tr\/wp-json\/wp\/v2\/product"}],"about":[{"href":"https:\/\/hexexist.com\/tr\/wp-json\/wp\/v2\/types\/product"}],"replies":[{"embeddable":true,"href":"https:\/\/hexexist.com\/tr\/wp-json\/wp\/v2\/comments?post=14262"}],"wp:featuredmedia":[{"embeddable":true,"href":"https:\/\/hexexist.com\/tr\/wp-json\/wp\/v2\/media\/12864"}],"wp:attachment":[{"href":"https:\/\/hexexist.com\/tr\/wp-json\/wp\/v2\/media?parent=14262"}],"wp:term":[{"taxonomy":"product_brand","embeddable":true,"href":"https:\/\/hexexist.com\/tr\/wp-json\/wp\/v2\/product_brand?post=14262"},{"taxonomy":"product_cat","embeddable":true,"href":"https:\/\/hexexist.com\/tr\/wp-json\/wp\/v2\/product_cat?post=14262"},{"taxonomy":"product_tag","embeddable":true,"href":"https:\/\/hexexist.com\/tr\/wp-json\/wp\/v2\/product_tag?post=14262"}],"curies":[{"name":"wp","href":"https:\/\/api.w.org\/{rel}","templated":true}]}}