{"id":14263,"date":"2025-10-09T09:49:18","date_gmt":"2025-10-09T09:49:18","guid":{"rendered":"http:\/\/hexexist.com\/product\/hostinger-araclari\/"},"modified":"2025-10-09T09:49:18","modified_gmt":"2025-10-09T09:49:18","slug":"hostinger-araclari","status":"publish","type":"product","link":"https:\/\/hexexist.com\/tr\/urun\/hostinger-araclari\/","title":{"rendered":"Hostinger Ara\u00e7lar\u0131"},"content":{"rendered":"<p>Hostinger Tools, WordPress site y\u00f6neticileri i\u00e7in temel g\u00f6revleri kolayla\u015ft\u0131rmak \u00fczere tasarlanm\u0131\u015f hepsi bir arada bir eklentidir. Bu eklenti, sitenizin bilgilerini, bak\u0131m modunu, g\u00fcvenli\u011fini ve y\u00f6nlendirmelerini etkili bir \u015fekilde y\u00f6netmenize yard\u0131mc\u0131 olacak bir dizi \u00f6zellik sunar. <\/p>\n","protected":false},"excerpt":{"rendered":"<p>Hostinger Tools, WordPress site y\u00f6neticileri i\u00e7in temel g\u00f6revleri kolayla\u015ft\u0131rmak \u00fczere tasarlanm\u0131\u015f hepsi bir arada bir eklentidir. Bu eklenti, sitenizin bilgilerini, bak\u0131m modunu, g\u00fcvenli\u011fini ve y\u00f6nlendirmelerini etkili bir \u015fekilde y\u00f6netmenize yard\u0131mc\u0131 olacak bir dizi \u00f6zellik sunar.<\/p>\n","protected":false},"featured_media":12858,"comment_status":"open","ping_status":"closed","template":"","meta":[],"product_brand":[],"product_cat":[1413],"product_tag":[2369,2687,1455,2039],"class_list":{"0":"post-14263","1":"product","2":"type-product","3":"status-publish","4":"has-post-thumbnail","6":"product_cat-eklentiler","7":"product_tag-araclar","8":"product_tag-bakim","9":"product_tag-guvenlik","10":"product_tag-yonlendirmeler","12":"first","13":"instock","14":"downloadable","15":"virtual","16":"product-type-simple"},"_links":{"self":[{"href":"https:\/\/hexexist.com\/tr\/wp-json\/wp\/v2\/product\/14263","targetHints":{"allow":["GET"]}}],"collection":[{"href":"https:\/\/hexexist.com\/tr\/wp-json\/wp\/v2\/product"}],"about":[{"href":"https:\/\/hexexist.com\/tr\/wp-json\/wp\/v2\/types\/product"}],"replies":[{"embeddable":true,"href":"https:\/\/hexexist.com\/tr\/wp-json\/wp\/v2\/comments?post=14263"}],"wp:featuredmedia":[{"embeddable":true,"href":"https:\/\/hexexist.com\/tr\/wp-json\/wp\/v2\/media\/12858"}],"wp:attachment":[{"href":"https:\/\/hexexist.com\/tr\/wp-json\/wp\/v2\/media?parent=14263"}],"wp:term":[{"taxonomy":"product_brand","embeddable":true,"href":"https:\/\/hexexist.com\/tr\/wp-json\/wp\/v2\/product_brand?post=14263"},{"taxonomy":"product_cat","embeddable":true,"href":"https:\/\/hexexist.com\/tr\/wp-json\/wp\/v2\/product_cat?post=14263"},{"taxonomy":"product_tag","embeddable":true,"href":"https:\/\/hexexist.com\/tr\/wp-json\/wp\/v2\/product_tag?post=14263"}],"curies":[{"name":"wp","href":"https:\/\/api.w.org\/{rel}","templated":true}]}}