{"id":14264,"date":"2025-10-09T09:49:19","date_gmt":"2025-10-09T09:49:19","guid":{"rendered":"http:\/\/hexexist.com\/product\/mc4wp-wordpress-icin-mailchimp\/"},"modified":"2025-10-09T09:49:19","modified_gmt":"2025-10-09T09:49:19","slug":"mc4wp-wordpress-icin-mailchimp","status":"publish","type":"product","link":"https:\/\/hexexist.com\/tr\/urun\/mc4wp-wordpress-icin-mailchimp\/","title":{"rendered":"MC4WP: WordPress i\u00e7in Mailchimp"},"content":{"rendered":"<p>Ziyaret\u00e7ilerinizin b\u00fclteninize abone olmalar\u0131n\u0131 sa\u011flamak kolay olmal\u0131d\u0131r. Bu eklenti ile nihayet \u00f6yle. <\/p>\n","protected":false},"excerpt":{"rendered":"<p>Ziyaret\u00e7ilerinizin b\u00fclteninize abone olmalar\u0131n\u0131 sa\u011flamak kolay olmal\u0131d\u0131r. Bu eklenti ile nihayet \u00f6yle.<\/p>\n","protected":false},"featured_media":12863,"comment_status":"open","ping_status":"closed","template":"","meta":[],"product_brand":[],"product_cat":[1413],"product_tag":[1433,1432,1605,1431,2612],"class_list":{"0":"post-14264","1":"product","2":"type-product","3":"status-publish","4":"has-post-thumbnail","6":"product_cat-eklentiler","7":"product_tag-abone-olun","8":"product_tag-bulten","9":"product_tag-e-posta","10":"product_tag-form-tr","11":"product_tag-mailchimp-tr","13":"first","14":"instock","15":"downloadable","16":"virtual","17":"product-type-simple"},"_links":{"self":[{"href":"https:\/\/hexexist.com\/tr\/wp-json\/wp\/v2\/product\/14264","targetHints":{"allow":["GET"]}}],"collection":[{"href":"https:\/\/hexexist.com\/tr\/wp-json\/wp\/v2\/product"}],"about":[{"href":"https:\/\/hexexist.com\/tr\/wp-json\/wp\/v2\/types\/product"}],"replies":[{"embeddable":true,"href":"https:\/\/hexexist.com\/tr\/wp-json\/wp\/v2\/comments?post=14264"}],"wp:featuredmedia":[{"embeddable":true,"href":"https:\/\/hexexist.com\/tr\/wp-json\/wp\/v2\/media\/12863"}],"wp:attachment":[{"href":"https:\/\/hexexist.com\/tr\/wp-json\/wp\/v2\/media?parent=14264"}],"wp:term":[{"taxonomy":"product_brand","embeddable":true,"href":"https:\/\/hexexist.com\/tr\/wp-json\/wp\/v2\/product_brand?post=14264"},{"taxonomy":"product_cat","embeddable":true,"href":"https:\/\/hexexist.com\/tr\/wp-json\/wp\/v2\/product_cat?post=14264"},{"taxonomy":"product_tag","embeddable":true,"href":"https:\/\/hexexist.com\/tr\/wp-json\/wp\/v2\/product_tag?post=14264"}],"curies":[{"name":"wp","href":"https:\/\/api.w.org\/{rel}","templated":true}]}}