{"id":14265,"date":"2025-10-09T09:49:20","date_gmt":"2025-10-09T09:49:20","guid":{"rendered":"http:\/\/hexexist.com\/product\/ewww-goruntu-iyilestirici\/"},"modified":"2025-10-09T09:49:20","modified_gmt":"2025-10-09T09:49:20","slug":"ewww-goruntu-iyilestirici","status":"publish","type":"product","link":"https:\/\/hexexist.com\/tr\/urun\/ewww-goruntu-iyilestirici\/","title":{"rendered":"EWWW G\u00f6r\u00fcnt\u00fc \u0130yile\u015ftirici"},"content":{"rendered":"<p>Yava\u015f bir web sitesi sizi hayal k\u0131r\u0131kl\u0131\u011f\u0131na m\u0131 u\u011frat\u0131yor? B\u00fcy\u00fck boyutlu g\u00f6rseller size &#8220;ewww&#8221; dedirtiyor mu? ? EWWW Image Optimizer&#8217;\u0131n sitenizi daha h\u0131zl\u0131 hale getirmenize, hemen \u00e7\u0131kma oran\u0131n\u0131z\u0131 iyile\u015ftirmenize ve SEO&#8217;nuzu art\u0131rman\u0131za yard\u0131mc\u0131 olmas\u0131na izin verin. Ama en \u00f6nemlisi, ziyaret\u00e7ilerinizi daha mutlu edin, b\u00f6ylece daha fazlas\u0131 i\u00e7in geri gelmeye devam etsinler.<\/p>\n","protected":false},"excerpt":{"rendered":"<p>Yava\u015f bir web sitesi sizi hayal k\u0131r\u0131kl\u0131\u011f\u0131na m\u0131 u\u011frat\u0131yor? B\u00fcy\u00fck boyutlu g\u00f6rseller size &#8220;ewww&#8221; dedirtiyor mu? ? EWWW Image Optimizer&#8217;\u0131n sitenizi daha h\u0131zl\u0131 hale getirmenize, hemen \u00e7\u0131kma oran\u0131n\u0131z\u0131 iyile\u015ftirmenize ve SEO&#8217;nuzu art\u0131rman\u0131za yard\u0131mc\u0131 olmas\u0131na izin verin. Ama en \u00f6nemlisi, ziyaret\u00e7ilerinizi daha mutlu edin, b\u00f6ylece daha fazlas\u0131 i\u00e7in geri gelmeye devam etsinler.<\/p>\n","protected":false},"featured_media":12872,"comment_status":"open","ping_status":"closed","template":"","meta":[],"product_brand":[],"product_cat":[1413],"product_tag":[2349,2688,1820,2003,1736],"class_list":{"0":"post-14265","1":"product","2":"type-product","3":"status-publish","4":"has-post-thumbnail","6":"product_cat-eklentiler","7":"product_tag-donusturmek","8":"product_tag-sikistirmak","9":"product_tag-tembel-yuk","10":"product_tag-webp-tr","11":"product_tag-yeniden-boyutlandir","13":"first","14":"instock","15":"downloadable","16":"virtual","17":"product-type-simple"},"_links":{"self":[{"href":"https:\/\/hexexist.com\/tr\/wp-json\/wp\/v2\/product\/14265","targetHints":{"allow":["GET"]}}],"collection":[{"href":"https:\/\/hexexist.com\/tr\/wp-json\/wp\/v2\/product"}],"about":[{"href":"https:\/\/hexexist.com\/tr\/wp-json\/wp\/v2\/types\/product"}],"replies":[{"embeddable":true,"href":"https:\/\/hexexist.com\/tr\/wp-json\/wp\/v2\/comments?post=14265"}],"wp:featuredmedia":[{"embeddable":true,"href":"https:\/\/hexexist.com\/tr\/wp-json\/wp\/v2\/media\/12872"}],"wp:attachment":[{"href":"https:\/\/hexexist.com\/tr\/wp-json\/wp\/v2\/media?parent=14265"}],"wp:term":[{"taxonomy":"product_brand","embeddable":true,"href":"https:\/\/hexexist.com\/tr\/wp-json\/wp\/v2\/product_brand?post=14265"},{"taxonomy":"product_cat","embeddable":true,"href":"https:\/\/hexexist.com\/tr\/wp-json\/wp\/v2\/product_cat?post=14265"},{"taxonomy":"product_tag","embeddable":true,"href":"https:\/\/hexexist.com\/tr\/wp-json\/wp\/v2\/product_tag?post=14265"}],"curies":[{"name":"wp","href":"https:\/\/api.w.org\/{rel}","templated":true}]}}