{"id":14266,"date":"2025-10-09T09:49:20","date_gmt":"2025-10-09T09:49:20","guid":{"rendered":"http:\/\/hexexist.com\/product\/ozel-yazi-tipi-kullanici-arayuzu\/"},"modified":"2025-10-09T09:49:20","modified_gmt":"2025-10-09T09:49:20","slug":"ozel-yazi-tipi-kullanici-arayuzu","status":"publish","type":"product","link":"https:\/\/hexexist.com\/tr\/urun\/ozel-yazi-tipi-kullanici-arayuzu\/","title":{"rendered":"\u00d6zel Yaz\u0131 Tipi Kullan\u0131c\u0131 Aray\u00fcz\u00fc"},"content":{"rendered":"<p>Custom Post Type UI, web siteniz i\u00e7in \u00f6zel g\u00f6nderi t\u00fcrlerini ve taksonomileri kaydetmek ve y\u00f6netmek i\u00e7in kullan\u0131m\u0131 kolay bir aray\u00fcz sa\u011flar.<\/p>\n","protected":false},"excerpt":{"rendered":"<p>Custom Post Type UI, web siteniz i\u00e7in \u00f6zel g\u00f6nderi t\u00fcrlerini ve taksonomileri kaydetmek ve y\u00f6netmek i\u00e7in kullan\u0131m\u0131 kolay bir aray\u00fcz sa\u011flar.<\/p>\n","protected":false},"featured_media":12871,"comment_status":"open","ping_status":"closed","template":"","meta":[],"product_brand":[],"product_cat":[1413],"product_tag":[2434,1877,1878,2689,2435],"class_list":{"0":"post-14266","1":"product","2":"type-product","3":"status-publish","4":"has-post-thumbnail","6":"product_cat-eklentiler","7":"product_tag-gonderi-turu","8":"product_tag-icerik-turleri","9":"product_tag-ozel-gonderi-turleri","10":"product_tag-taksonomi","11":"product_tag-turleri","13":"first","14":"instock","15":"downloadable","16":"virtual","17":"product-type-simple"},"_links":{"self":[{"href":"https:\/\/hexexist.com\/tr\/wp-json\/wp\/v2\/product\/14266","targetHints":{"allow":["GET"]}}],"collection":[{"href":"https:\/\/hexexist.com\/tr\/wp-json\/wp\/v2\/product"}],"about":[{"href":"https:\/\/hexexist.com\/tr\/wp-json\/wp\/v2\/types\/product"}],"replies":[{"embeddable":true,"href":"https:\/\/hexexist.com\/tr\/wp-json\/wp\/v2\/comments?post=14266"}],"wp:featuredmedia":[{"embeddable":true,"href":"https:\/\/hexexist.com\/tr\/wp-json\/wp\/v2\/media\/12871"}],"wp:attachment":[{"href":"https:\/\/hexexist.com\/tr\/wp-json\/wp\/v2\/media?parent=14266"}],"wp:term":[{"taxonomy":"product_brand","embeddable":true,"href":"https:\/\/hexexist.com\/tr\/wp-json\/wp\/v2\/product_brand?post=14266"},{"taxonomy":"product_cat","embeddable":true,"href":"https:\/\/hexexist.com\/tr\/wp-json\/wp\/v2\/product_cat?post=14266"},{"taxonomy":"product_tag","embeddable":true,"href":"https:\/\/hexexist.com\/tr\/wp-json\/wp\/v2\/product_tag?post=14266"}],"curies":[{"name":"wp","href":"https:\/\/api.w.org\/{rel}","templated":true}]}}