{"id":14267,"date":"2025-10-09T09:49:19","date_gmt":"2025-10-09T09:49:19","guid":{"rendered":"http:\/\/hexexist.com\/product\/loginizer\/"},"modified":"2025-10-09T09:49:19","modified_gmt":"2025-10-09T09:49:19","slug":"loginizer","status":"publish","type":"product","link":"https:\/\/hexexist.com\/tr\/urun\/loginizer\/","title":{"rendered":"Loginizer"},"content":{"rendered":"<p>Loginizer, izin verilen maksimum yeniden denemeye ula\u015ft\u0131ktan sonra IP i\u00e7in giri\u015fi engelleyerek bruteforce sald\u0131r\u0131s\u0131na kar\u015f\u0131 sava\u015fman\u0131za yard\u0131mc\u0131 olan bir WordPress eklentisidir. Loginizer&#8217;\u0131 kullanarak giri\u015f i\u00e7in IP&#8217;leri kara listeye alabilir veya beyaz listeye ekleyebilirsiniz. Web sitenizin g\u00fcvenli\u011fini art\u0131rmak i\u00e7in Two Factor Auth, reCAPTCHA, PasswordLess Login gibi \u00e7e\u015fitli di\u011fer \u00f6zellikleri kullanabilirsiniz.  <\/p>\n","protected":false},"excerpt":{"rendered":"<p>Loginizer, izin verilen maksimum yeniden denemeye ula\u015ft\u0131ktan sonra IP i\u00e7in giri\u015fi engelleyerek bruteforce sald\u0131r\u0131s\u0131na kar\u015f\u0131 sava\u015fman\u0131za yard\u0131mc\u0131 olan bir WordPress eklentisidir. Loginizer&#8217;\u0131 kullanarak giri\u015f i\u00e7in IP&#8217;leri kara listeye alabilir veya beyaz listeye ekleyebilirsiniz. Web sitenizin g\u00fcvenli\u011fini art\u0131rmak i\u00e7in Two Factor Auth, reCAPTCHA, PasswordLess Login gibi \u00e7e\u015fitli di\u011fer \u00f6zellikleri kullanabilirsiniz.<\/p>\n","protected":false},"featured_media":12862,"comment_status":"open","ping_status":"closed","template":"","meta":[],"product_brand":[],"product_cat":[1413],"product_tag":[2623,2015,1455,2690,1444],"class_list":{"0":"post-14267","1":"product","2":"type-product","3":"status-publish","4":"has-post-thumbnail","6":"product_cat-eklentiler","7":"product_tag-erisim","8":"product_tag-giris","9":"product_tag-guvenlik","10":"product_tag-loginizer-tr","11":"product_tag-yonetici","13":"first","14":"instock","15":"downloadable","16":"virtual","17":"product-type-simple"},"_links":{"self":[{"href":"https:\/\/hexexist.com\/tr\/wp-json\/wp\/v2\/product\/14267","targetHints":{"allow":["GET"]}}],"collection":[{"href":"https:\/\/hexexist.com\/tr\/wp-json\/wp\/v2\/product"}],"about":[{"href":"https:\/\/hexexist.com\/tr\/wp-json\/wp\/v2\/types\/product"}],"replies":[{"embeddable":true,"href":"https:\/\/hexexist.com\/tr\/wp-json\/wp\/v2\/comments?post=14267"}],"wp:featuredmedia":[{"embeddable":true,"href":"https:\/\/hexexist.com\/tr\/wp-json\/wp\/v2\/media\/12862"}],"wp:attachment":[{"href":"https:\/\/hexexist.com\/tr\/wp-json\/wp\/v2\/media?parent=14267"}],"wp:term":[{"taxonomy":"product_brand","embeddable":true,"href":"https:\/\/hexexist.com\/tr\/wp-json\/wp\/v2\/product_brand?post=14267"},{"taxonomy":"product_cat","embeddable":true,"href":"https:\/\/hexexist.com\/tr\/wp-json\/wp\/v2\/product_cat?post=14267"},{"taxonomy":"product_tag","embeddable":true,"href":"https:\/\/hexexist.com\/tr\/wp-json\/wp\/v2\/product_tag?post=14267"}],"curies":[{"name":"wp","href":"https:\/\/api.w.org\/{rel}","templated":true}]}}